{"id":6455,"date":"2020-06-29T12:43:22","date_gmt":"2020-06-29T12:43:22","guid":{"rendered":"https:\/\/cit.upc.edu\/quimicas-y-de-la-alimentacion\/"},"modified":"2025-01-16T09:17:22","modified_gmt":"2025-01-16T09:17:22","slug":"agrotech","status":"publish","type":"page","link":"https:\/\/cit.upc.edu\/en\/agrotech\/","title":{"rendered":"AGROTECH"},"content":{"rendered":"\n<p>TECHNOLOGICAL CAPABILITIES<br>CAPACIDADES TECNOL\u00d3GICAS<br>no-repeat;left top;;<br>auto<br><br><img decoding=\"async\" src=\"https:\/\/cit.upc.edu\/wp-content\/uploads\/2022\/12\/foto5-1024x683.jpg\" alt=\"\" \/>\r<br>\r<br><h4>\u00a0<\/h4>\r<br>PLANT PRODUCTION\r<br> Horticulture: Technification and improvement in efficiency of horticultural crops\r<br>Crop protection:\r<br>\r<br>Improvement in prediction systems (production control)\r<br>Pest and disease management\r<br>New alternatives to chemical control\r<br>\r<br>Biotechnology: adoption of climate change strategies with organoleptic value\r<br>New post-harvest treatments: development of protocols that enable a product\u2019s useful life to be extended while maintaining properties and quality\r<br>Greenhouses and vertical crops: improvement in the efficiency of production infrastructure based on technification and sustainability.\r<br>\u00a0\r<br><br>NUTRICION HUMANA Y ANIMAL<br>center<br>no-repeat;left top;;<br>auto<br><br><img decoding=\"async\" src=\"https:\/\/cit.upc.edu\/wp-content\/uploads\/2022\/12\/foto6-min-1024x683.png\" alt=\"\" \/>\r<br>\u00a0\r<br>PRECISION AGRICULTURE (SMART FARMING))\r<br>Application of new information and communication technologies (ICT), sensorics, robotics and AI to agricultural tasks, to improve efficiency and reduce inputs:\r<br>\r<br>Automation of processes and mechanisation of production processes\r<br>Development of measurement systems in agriculture and communication of data with less energy consumption\r<br>Remote sensing for open-air crops using drones and satellites\r<br>Improvement of productivity with mobile robots\r<br>Design of machinery and equipment\r<br>\r<br>\u00a0<br>LOG\u00cdSTICA Y PACKAGING<br>center<br>no-repeat;left top;;<br>auto<br><br><br><img decoding=\"async\" src=\"https:\/\/cit.upc.edu\/wp-content\/uploads\/2022\/12\/foto1.jpg\" alt=\"\" \/>\r<br>&nbsp;\r<br>\r<br>DIGITALISATION\r<br>Development of data processing systems based on artificial intelligence and deep learning to generate high value-added information for decision making and automation of processes.\r<br>\r<br>Agriculture 4.0: systems for capturing and processing images and telecommunication systems based on data science\r<br>\r<br><br>TRATAMIENTOS QU\u00cdMICOS<br>center<br>no-repeat;left top;;<br>auto<br><br><img decoding=\"async\" src=\"https:\/\/cit.upc.edu\/wp-content\/uploads\/2022\/12\/foto2-1.jpg\" alt=\"\" \/>\r<br>\u00a0\r<br>\r<br>VALUATION\r<br><!-- [if gte mso 9]&gt;-->\r<br> \r<br>  Normal\r<br>  0\r<br>  \r<br>  \r<br>  21\r<br>  \r<br>  \r<br>  false\r<br>  false\r<br>  false\r<br>  \r<br>  ES\r<br>  X-NONE\r<br>  X-NONE\r<br>  \r<br>   \r<br>   \r<br>   \r<br>   \r<br>   \r<br>   \r<br>   \r<br>   \r<br>   \r<br>  \r<br>  \r<br>  \r<br>   \r<br>   \r<br>   \r<br>   \r<br>   \r<br>   \r<br>   \r<br>   \r<br>   \r<br>   \r<br>   \r<br>  \r<br>\r<br>\r<br>\r<br>Design of circular sustainable production processes\r<br>Development of biomaterials based on renewable sources or the transformation of by-products into raw materials\r<br>Reduction of losses in the field\r<br>Development of technology to use plant fibres (hemp, maize, etc.) for textile production, construction and other industries\r<br><br>GESTI\u00d3N DE LA ENERG\u00cdA<br>center<br>no-repeat;left top;;<br>auto<br><br>center<br>20px<br>20px<br>hide<br><br><img decoding=\"async\" src=\"https:\/\/cit.upc.edu\/wp-content\/uploads\/2022\/12\/foto3.png\" alt=\"\" \/>\r<br>&nbsp;\r<br>SUSTAINABILITY\r<br>Design of sustainable production processes under the paradigm of circularity within farming and throughout the food chain.\r<br>\r<br>Management of wastewater to reduce contamination and be able to reuse it\r<br>Design of processes without CO2 emissions to contribute to decarbonisation\r<br>Sources of renewable energy to generate bioenergy\r<br>Preservation of biodiversity of cultivated plants\r<br>\r<br>&nbsp;<br>GESTI\u00d3N DE LA ENERG\u00cdA<br>center<br>no-repeat;left top;;<br>auto<br><br>APPLICATION SECTORS<br>SECTORES DE APLICACI\u00d3N<br>no-repeat;left top;;<br>auto<br><br><img decoding=\"async\" src=\"https:\/\/cit.upc.edu\/wp-content\/uploads\/2022\/12\/Recurso-22.png\" alt=\"\" \/>\r<br>FOOD<br>AERON\u00c0UTICA<br>no-repeat;left top;;<br>auto<br>text-align: center; font: Bold 17px\/35px Nunito Sans;<br><br><img decoding=\"async\" src=\"https:\/\/cit.upc.edu\/wp-content\/uploads\/2022\/12\/Recurso-21.png\" alt=\"\" \/>\r<br>AGRICULTURE AND MARINE ENVIRONMENT<br>AUTOMOCI\u00d3<br>no-repeat;left top;;<br>auto<br>text-align: center; font: Bold 17px\/35px Nunito Sans;<br><br><img decoding=\"async\" src=\"https:\/\/cit.upc.edu\/wp-content\/uploads\/2022\/12\/Recurso-20.png\" alt=\"\" \/>\r<br>DISTRIBUTION AND MASS CONSUMPTION<br>INFRAESTRUCTURES<br>no-repeat;left top;;<br>auto<br>text-align: center; font: Bold 17px\/35px Nunito Sans;<br><br><img decoding=\"async\" src=\"https:\/\/cit.upc.edu\/wp-content\/uploads\/2022\/12\/Recurso-19.png\" alt=\"\" \/>\r<br>HEALTH<br>SALUT<br>no-repeat;left top;;<br>auto<br>text-align: center; font: Bold 17px\/35px Nunito Sans;<br><br><img decoding=\"async\" src=\"https:\/\/cit.upc.edu\/wp-content\/uploads\/2022\/12\/Recurso-23.png\" alt=\"\" \/>\r<br>CIRCULAR ECONOMY<br>MANUFACTURACI\u00d3<br>no-repeat;left top;;<br>auto<br>text-align: center; font: Bold 17px\/35px Nunito Sans;<br><br><img decoding=\"async\" src=\"https:\/\/cit.upc.edu\/wp-content\/uploads\/2022\/12\/Recurso-18.png\" alt=\"\" \/>\r<br>ENERGY<br>T\u00c8XTIL<br>no-repeat;left top;;<br>auto<br>text-align: center; font: Bold 17px\/35px Nunito Sans;<br><br><\/p>\n","protected":false},"excerpt":{"rendered":"<p>TECHNOLOGICAL CAPABILITIESCAPACIDADES TECNOL\u00d3GICASno-repeat;left top;;auto \u00a0 PLANT PRODUCTION Horticulture: Technification and improvement in efficiency of horticultural crops Crop protection: Improvement in prediction systems (production control) Pest and<span class=\"excerpt-hellip\"> [\u2026]<\/span><\/p>\n","protected":false},"author":5,"featured_media":0,"parent":0,"menu_order":0,"comment_status":"closed","ping_status":"closed","template":"","meta":{"footnotes":""},"class_list":["post-6455","page","type-page","status-publish","hentry"],"yoast_head":"<!-- This site is optimized with the Yoast SEO plugin v27.5 - https:\/\/yoast.com\/product\/yoast-seo-wordpress\/ -->\n<title>CIT UPC - AGROTECH<\/title>\n<meta name=\"robots\" content=\"index, follow, max-snippet:-1, max-image-preview:large, max-video-preview:-1\" \/>\n<link rel=\"canonical\" href=\"https:\/\/cit.upc.edu\/en\/agrotech\/\" \/>\n<meta property=\"og:locale\" content=\"en_US\" \/>\n<meta property=\"og:type\" content=\"article\" \/>\n<meta property=\"og:title\" content=\"CIT UPC - AGROTECH\" \/>\n<meta property=\"og:description\" content=\"TECHNOLOGICAL CAPABILITIESCAPACIDADES TECNOL\u00d3GICASno-repeat;left top;;auto \u00a0 PLANT PRODUCTION Horticulture: Technification and improvement in efficiency of horticultural crops Crop protection: Improvement in prediction systems (production control) Pest and [\u2026]\" \/>\n<meta property=\"og:url\" content=\"https:\/\/cit.upc.edu\/en\/agrotech\/\" \/>\n<meta property=\"og:site_name\" content=\"CIT UPC\" \/>\n<meta property=\"article:publisher\" content=\"https:\/\/www.facebook.com\/cit.upc\" \/>\n<meta property=\"article:modified_time\" content=\"2025-01-16T09:17:22+00:00\" \/>\n<meta property=\"og:image\" content=\"https:\/\/cit.upc.edu\/wp-content\/uploads\/2022\/12\/foto5-1024x683.jpg\" \/>\n<meta name=\"twitter:card\" content=\"summary_large_image\" \/>\n<meta name=\"twitter:site\" content=\"@CIT_UPC\" \/>\n<meta name=\"twitter:label1\" content=\"Est. reading time\" \/>\n\t<meta name=\"twitter:data1\" content=\"2 minutes\" \/>\n<script type=\"application\/ld+json\" class=\"yoast-schema-graph\">{\"@context\":\"https:\\\/\\\/schema.org\",\"@graph\":[{\"@type\":\"WebPage\",\"@id\":\"https:\\\/\\\/cit.upc.edu\\\/en\\\/agrotech\\\/\",\"url\":\"https:\\\/\\\/cit.upc.edu\\\/en\\\/agrotech\\\/\",\"name\":\"CIT UPC - AGROTECH\",\"isPartOf\":{\"@id\":\"https:\\\/\\\/cit.upc.edu\\\/es\\\/#website\"},\"primaryImageOfPage\":{\"@id\":\"https:\\\/\\\/cit.upc.edu\\\/en\\\/agrotech\\\/#primaryimage\"},\"image\":{\"@id\":\"https:\\\/\\\/cit.upc.edu\\\/en\\\/agrotech\\\/#primaryimage\"},\"thumbnailUrl\":\"https:\\\/\\\/cit.upc.edu\\\/wp-content\\\/uploads\\\/2022\\\/12\\\/foto5-1024x683.jpg\",\"datePublished\":\"2020-06-29T12:43:22+00:00\",\"dateModified\":\"2025-01-16T09:17:22+00:00\",\"breadcrumb\":{\"@id\":\"https:\\\/\\\/cit.upc.edu\\\/en\\\/agrotech\\\/#breadcrumb\"},\"inLanguage\":\"en-US\",\"potentialAction\":[{\"@type\":\"ReadAction\",\"target\":[\"https:\\\/\\\/cit.upc.edu\\\/en\\\/agrotech\\\/\"]}]},{\"@type\":\"ImageObject\",\"inLanguage\":\"en-US\",\"@id\":\"https:\\\/\\\/cit.upc.edu\\\/en\\\/agrotech\\\/#primaryimage\",\"url\":\"https:\\\/\\\/cit.upc.edu\\\/wp-content\\\/uploads\\\/2022\\\/12\\\/foto5-1024x683.jpg\",\"contentUrl\":\"https:\\\/\\\/cit.upc.edu\\\/wp-content\\\/uploads\\\/2022\\\/12\\\/foto5-1024x683.jpg\"},{\"@type\":\"BreadcrumbList\",\"@id\":\"https:\\\/\\\/cit.upc.edu\\\/en\\\/agrotech\\\/#breadcrumb\",\"itemListElement\":[{\"@type\":\"ListItem\",\"position\":1,\"name\":\"Cover page\",\"item\":\"https:\\\/\\\/cit.upc.edu\\\/en\\\/\"},{\"@type\":\"ListItem\",\"position\":2,\"name\":\"AGROTECH\"}]},{\"@type\":\"WebSite\",\"@id\":\"https:\\\/\\\/cit.upc.edu\\\/es\\\/#website\",\"url\":\"https:\\\/\\\/cit.upc.edu\\\/es\\\/\",\"name\":\"CIT UPC\",\"description\":\"Centro de Innovaci\u00f3n y Tecnolog\u00eda\",\"publisher\":{\"@id\":\"https:\\\/\\\/cit.upc.edu\\\/es\\\/#organization\"},\"potentialAction\":[{\"@type\":\"SearchAction\",\"target\":{\"@type\":\"EntryPoint\",\"urlTemplate\":\"https:\\\/\\\/cit.upc.edu\\\/es\\\/?s={search_term_string}\"},\"query-input\":{\"@type\":\"PropertyValueSpecification\",\"valueRequired\":true,\"valueName\":\"search_term_string\"}}],\"inLanguage\":\"en-US\"},{\"@type\":\"Organization\",\"@id\":\"https:\\\/\\\/cit.upc.edu\\\/es\\\/#organization\",\"name\":\"CIT UPC - UPC Technology Center\",\"url\":\"https:\\\/\\\/cit.upc.edu\\\/es\\\/\",\"logo\":{\"@type\":\"ImageObject\",\"inLanguage\":\"en-US\",\"@id\":\"https:\\\/\\\/cit.upc.edu\\\/es\\\/#\\\/schema\\\/logo\\\/image\\\/\",\"url\":\"https:\\\/\\\/cit.upc.edu\\\/wp-content\\\/uploads\\\/2020\\\/04\\\/cropped-logo_positiu_horitzontal_2020_espanol.png\",\"contentUrl\":\"https:\\\/\\\/cit.upc.edu\\\/wp-content\\\/uploads\\\/2020\\\/04\\\/cropped-logo_positiu_horitzontal_2020_espanol.png\",\"width\":512,\"height\":512,\"caption\":\"CIT UPC - UPC Technology Center\"},\"image\":{\"@id\":\"https:\\\/\\\/cit.upc.edu\\\/es\\\/#\\\/schema\\\/logo\\\/image\\\/\"},\"sameAs\":[\"https:\\\/\\\/www.facebook.com\\\/cit.upc\",\"https:\\\/\\\/x.com\\\/CIT_UPC\",\"https:\\\/\\\/www.youtube.com\\\/user\\\/CITUPC\",\"https:\\\/\\\/www.flickr.com\\\/photos\\\/181927091@N08\",\"https:\\\/\\\/www.linkedin.com\\\/company\\\/cit-upc\\\/\",\"https:\\\/\\\/www.instagram.com\\\/cit_upc\\\/\"]}]}<\/script>\n<!-- \/ Yoast SEO plugin. -->","yoast_head_json":{"title":"CIT UPC - AGROTECH","robots":{"index":"index","follow":"follow","max-snippet":"max-snippet:-1","max-image-preview":"max-image-preview:large","max-video-preview":"max-video-preview:-1"},"canonical":"https:\/\/cit.upc.edu\/en\/agrotech\/","og_locale":"en_US","og_type":"article","og_title":"CIT UPC - AGROTECH","og_description":"TECHNOLOGICAL CAPABILITIESCAPACIDADES TECNOL\u00d3GICASno-repeat;left top;;auto \u00a0 PLANT PRODUCTION Horticulture: Technification and improvement in efficiency of horticultural crops Crop protection: Improvement in prediction systems (production control) Pest and [\u2026]","og_url":"https:\/\/cit.upc.edu\/en\/agrotech\/","og_site_name":"CIT UPC","article_publisher":"https:\/\/www.facebook.com\/cit.upc","article_modified_time":"2025-01-16T09:17:22+00:00","og_image":[{"url":"https:\/\/cit.upc.edu\/wp-content\/uploads\/2022\/12\/foto5-1024x683.jpg","type":"","width":"","height":""}],"twitter_card":"summary_large_image","twitter_site":"@CIT_UPC","twitter_misc":{"Est. reading time":"2 minutes"},"schema":{"@context":"https:\/\/schema.org","@graph":[{"@type":"WebPage","@id":"https:\/\/cit.upc.edu\/en\/agrotech\/","url":"https:\/\/cit.upc.edu\/en\/agrotech\/","name":"CIT UPC - AGROTECH","isPartOf":{"@id":"https:\/\/cit.upc.edu\/es\/#website"},"primaryImageOfPage":{"@id":"https:\/\/cit.upc.edu\/en\/agrotech\/#primaryimage"},"image":{"@id":"https:\/\/cit.upc.edu\/en\/agrotech\/#primaryimage"},"thumbnailUrl":"https:\/\/cit.upc.edu\/wp-content\/uploads\/2022\/12\/foto5-1024x683.jpg","datePublished":"2020-06-29T12:43:22+00:00","dateModified":"2025-01-16T09:17:22+00:00","breadcrumb":{"@id":"https:\/\/cit.upc.edu\/en\/agrotech\/#breadcrumb"},"inLanguage":"en-US","potentialAction":[{"@type":"ReadAction","target":["https:\/\/cit.upc.edu\/en\/agrotech\/"]}]},{"@type":"ImageObject","inLanguage":"en-US","@id":"https:\/\/cit.upc.edu\/en\/agrotech\/#primaryimage","url":"https:\/\/cit.upc.edu\/wp-content\/uploads\/2022\/12\/foto5-1024x683.jpg","contentUrl":"https:\/\/cit.upc.edu\/wp-content\/uploads\/2022\/12\/foto5-1024x683.jpg"},{"@type":"BreadcrumbList","@id":"https:\/\/cit.upc.edu\/en\/agrotech\/#breadcrumb","itemListElement":[{"@type":"ListItem","position":1,"name":"Cover page","item":"https:\/\/cit.upc.edu\/en\/"},{"@type":"ListItem","position":2,"name":"AGROTECH"}]},{"@type":"WebSite","@id":"https:\/\/cit.upc.edu\/es\/#website","url":"https:\/\/cit.upc.edu\/es\/","name":"CIT UPC","description":"Centro de Innovaci\u00f3n y Tecnolog\u00eda","publisher":{"@id":"https:\/\/cit.upc.edu\/es\/#organization"},"potentialAction":[{"@type":"SearchAction","target":{"@type":"EntryPoint","urlTemplate":"https:\/\/cit.upc.edu\/es\/?s={search_term_string}"},"query-input":{"@type":"PropertyValueSpecification","valueRequired":true,"valueName":"search_term_string"}}],"inLanguage":"en-US"},{"@type":"Organization","@id":"https:\/\/cit.upc.edu\/es\/#organization","name":"CIT UPC - UPC Technology Center","url":"https:\/\/cit.upc.edu\/es\/","logo":{"@type":"ImageObject","inLanguage":"en-US","@id":"https:\/\/cit.upc.edu\/es\/#\/schema\/logo\/image\/","url":"https:\/\/cit.upc.edu\/wp-content\/uploads\/2020\/04\/cropped-logo_positiu_horitzontal_2020_espanol.png","contentUrl":"https:\/\/cit.upc.edu\/wp-content\/uploads\/2020\/04\/cropped-logo_positiu_horitzontal_2020_espanol.png","width":512,"height":512,"caption":"CIT UPC - UPC Technology Center"},"image":{"@id":"https:\/\/cit.upc.edu\/es\/#\/schema\/logo\/image\/"},"sameAs":["https:\/\/www.facebook.com\/cit.upc","https:\/\/x.com\/CIT_UPC","https:\/\/www.youtube.com\/user\/CITUPC","https:\/\/www.flickr.com\/photos\/181927091@N08","https:\/\/www.linkedin.com\/company\/cit-upc\/","https:\/\/www.instagram.com\/cit_upc\/"]}]}},"_links":{"self":[{"href":"https:\/\/cit.upc.edu\/en\/wp-json\/wp\/v2\/pages\/6455","targetHints":{"allow":["GET"]}}],"collection":[{"href":"https:\/\/cit.upc.edu\/en\/wp-json\/wp\/v2\/pages"}],"about":[{"href":"https:\/\/cit.upc.edu\/en\/wp-json\/wp\/v2\/types\/page"}],"author":[{"embeddable":true,"href":"https:\/\/cit.upc.edu\/en\/wp-json\/wp\/v2\/users\/5"}],"replies":[{"embeddable":true,"href":"https:\/\/cit.upc.edu\/en\/wp-json\/wp\/v2\/comments?post=6455"}],"version-history":[{"count":7,"href":"https:\/\/cit.upc.edu\/en\/wp-json\/wp\/v2\/pages\/6455\/revisions"}],"predecessor-version":[{"id":20475,"href":"https:\/\/cit.upc.edu\/en\/wp-json\/wp\/v2\/pages\/6455\/revisions\/20475"}],"wp:attachment":[{"href":"https:\/\/cit.upc.edu\/en\/wp-json\/wp\/v2\/media?parent=6455"}],"curies":[{"name":"wp","href":"https:\/\/api.w.org\/{rel}","templated":true}]}}