{"id":16396,"date":"2022-04-07T09:03:16","date_gmt":"2022-04-07T09:03:16","guid":{"rendered":"https:\/\/cit.upc.edu\/?page_id=16396"},"modified":"2022-04-29T08:44:07","modified_gmt":"2022-04-29T08:44:07","slug":"jornadamaterialesconstruccion","status":"publish","type":"page","link":"https:\/\/cit.upc.edu\/es\/jornadamaterialesconstruccion\/","title":{"rendered":"Jornada Materiales Construcci\u00f3n"},"content":{"rendered":"<h4 style=\"padding-left: 50px; padding-top: 130px; color: #2a3a44;\"><strong>JORNADA SECTORIAL<\/strong><\/h4>\n<p>MATERIALES AVANZADOS<br \/>\nPARA LA CONSTRUCCI\u00d3N<\/p>\n<p>26 DE ABRIL | 9:45H &#8211; 13:30H<\/p>\n<p><img decoding=\"async\" width=\"990\" height=\"148\" src=\"https:\/\/cit.upc.edu\/wp-content\/uploads\/2022\/04\/logos-jornada.png\" alt=\"\" loading=\"lazy\" srcset=\"https:\/\/cit.upc.edu\/wp-content\/uploads\/2022\/04\/logos-jornada.png 990w, https:\/\/cit.upc.edu\/wp-content\/uploads\/2022\/04\/logos-jornada-300x45.png 300w, https:\/\/cit.upc.edu\/wp-content\/uploads\/2022\/04\/logos-jornada-768x115.png 768w, https:\/\/cit.upc.edu\/wp-content\/uploads\/2022\/04\/logos-jornada-260x39.png 260w, https:\/\/cit.upc.edu\/wp-content\/uploads\/2022\/04\/logos-jornada-50x7.png 50w, https:\/\/cit.upc.edu\/wp-content\/uploads\/2022\/04\/logos-jornada-150x22.png 150w\" sizes=\"auto, (max-width: 990px) 100vw, 990px\"><br \/>\n<img decoding=\"async\" src=\"https:\/\/cit.upc.edu\/documentos\/Web1.jpg\" title=\"\" alt=\"\"><br \/>\n<a target=\"_blank\" target=\"_blank\" href=\"https:\/\/jornadamaterialesconstruccion.eventbrite.es\" target=\"_blank\" role=\"button\" rel=\"noopener\"><br \/>\nREG\u00cdSTRATE<br \/>\n<\/a><br \/>\n<img decoding=\"async\" src=\"https:\/\/cit.upc.edu\/documentos\/Web2.jpg\" title=\"\" alt=\"\"><\/p>\n<p>LA UPC, CLAVE EN LA TRANSFORMACI\u00d3N&nbsp;DEL SECTOR<\/p>\n<p>El sector de la construcci\u00f3n est\u00e1 evolucionando hacia <strong>nuevas tecnolog\u00edas de edificaci\u00f3n y nuevos materiales<\/strong> que permitan aumentar su competitividad y, a la vez, cumplir las <strong>directivas regulatorias<\/strong> que existen en la actualidad.<\/p>\n<p>En esta jornada, coorganizada por el <a target=\"_blank\" target=\"_blank\" href=\"https:\/\/cit.upc.edu\/es\/\" target=\"_blank\" rel=\"noopener\"><strong>Centro de Innovaci\u00f3n y Tecnolog\u00eda<\/strong><\/a> y la <a target=\"_blank\" target=\"_blank\" href=\"https:\/\/www.fundaciocim.org\/\" target=\"_blank\" rel=\"noopener\"><strong>Fundaci\u00f3n privada centro CIM<\/strong><\/a> de la <strong>Universitat Polit\u00e8cnica de Catalunya (UPC)<\/strong>, se presentar\u00e1n diferentes soluciones para dar respuesta a los retos de transformaci\u00f3n del sector y que, a su vez, ofrezcan una edificaci\u00f3n m\u00e1s sostenible y con menor impacto en el medio ambiente.<\/p>\n<p>A trav\u00e9s de seis ponencias, se mostrar\u00e1n proyectos centrados en:<\/p>\n<ul>\n<li>\n\t\t\t\t\t\t\t\t\t\tLa tecnolog\u00eda de impresi\u00f3n 3D aplicada a la construcci\u00f3n\u200b<\/li>\n<li>\n\t\t\t\t\t\t\t\t\t\tEl uso de materiales reciclados para la funcionalizaci\u00f3n de hormigones<\/li>\n<li>\n\t\t\t\t\t\t\t\t\t\tEl uso de materia prima reciclada para la fabricaci\u00f3n de cementos<\/li>\n<\/ul>\n<p>AGENDA<\/p>\n<ul>\n<li>\n\t\t\t\t\t\t\t\t\t\t9:45h Bienvenida a cargo de Xavier Roca, director Escuela Superior de Ingenier\u00eda Industrial, Aeroespacial y Audiovisual de Terrassa (ESEIAAT UPC)<\/li>\n<\/ul>\n<ul>\n<li>\n\t\t\t\t\t\t\t\t\t\t10:00h Ponencias<\/li>\n<\/ul>\n<p><strong><img decoding=\"async\" role=\"img\" draggable=\"false\" src=\"https:\/\/s.w.org\/images\/core\/emoji\/13.1.0\/svg\/25aa.svg\" alt=\"\u25aa\ufe0f\"> Tres posibles caminos en la aplicaci\u00f3n de la fabricaci\u00f3n aditiva. <\/strong>Ignacio L\u00f3pez, socio fundador de Lagula Arquitectes y profesor lector en ETSAB UPC.<\/p>\n<p><strong><img decoding=\"async\" role=\"img\" draggable=\"false\" src=\"https:\/\/s.w.org\/images\/core\/emoji\/13.1.0\/svg\/25aa.svg\" alt=\"\u25aa\ufe0f\"> Hacia la construcci\u00f3n sostenible con fabricaci\u00f3n aditiva.<\/strong> Louison Poudelet, Fundaci\u00f3n privada centro CIM UPC.<\/p>\n<p><strong><img decoding=\"async\" role=\"img\" draggable=\"false\" src=\"https:\/\/s.w.org\/images\/core\/emoji\/13.1.0\/svg\/25aa.svg\" alt=\"\u25aa\ufe0f\"> Materiales y sus aplicaciones estructurales.<\/strong> Albert de la Fuente, grupo de investigaci\u00f3n Ingenier\u00eda de la Construcci\u00f3n (EC UPC).<\/p>\n<p><strong><img decoding=\"async\" role=\"img\" draggable=\"false\" src=\"https:\/\/s.w.org\/images\/core\/emoji\/13.1.0\/svg\/25aa.svg\" alt=\"\u25aa\ufe0f\"> Desarrollo de hormigones conductores con materiales reciclados.<\/strong> Ignacio Segura, grupo de investigaci\u00f3n Ingenier\u00eda de la Construcci\u00f3n (EC UPC).<\/p>\n<p><strong><img decoding=\"async\" role=\"img\" draggable=\"false\" src=\"https:\/\/s.w.org\/images\/core\/emoji\/13.1.0\/svg\/25aa.svg\" alt=\"\u25aa\ufe0f\"> Aplicabilidad de \u00e1ridos reciclados, origen hormig\u00f3n y mixto, en la fabricaci\u00f3n de hormigones durables.<\/strong> Miren Etxeberria, grupo de investigaci\u00f3n An\u00e1lisis y Tecnolog\u00eda de Estructuras y Materiales (ATEM UPC).<\/p>\n<p><strong><img decoding=\"async\" role=\"img\" draggable=\"false\" src=\"https:\/\/s.w.org\/images\/core\/emoji\/13.1.0\/svg\/25aa.svg\" alt=\"\u25aa\ufe0f\"> Investigaci\u00f3n de nuevos materiales compuestos verdes para la valorizaci\u00f3n de subproductos.<\/strong> Llu\u00eds Gil, Centro Avanzado de Tecnolog\u00edas Mec\u00e1nicas (CATMech UPC).<\/p>\n<ul>\n<li>\n\t\t\t\t\t\t\t\t\t\t11:30h Mesa redonda<\/li>\n<\/ul>\n<p>Modera <strong>Roger Uceda<\/strong>, director del \u00e1rea de transferencia tecnol\u00f3gica de Fundaci\u00f3n privada centro CIM UPC.<\/p>\n<p><strong>\u25aa\ufe0f David Burgos<\/strong>, jefe de calidad, medioambiente e innovaci\u00f3n en edificaci\u00f3n en <a target=\"_blank\" target=\"_blank\" href=\"https:\/\/www.vias.es\/\" target=\"_blank\" rel=\"noopener\"><strong>VIAS<\/strong><\/a>, constructora experta en edificaci\u00f3n, obra civil y ferroviaria.<\/p>\n<p><strong>\u25aa\ufe0f Gerard Faneca<\/strong>, director t\u00e9cnico en <a target=\"_blank\" target=\"_blank\" href=\"http:\/\/escofet.com\/\" target=\"_blank\" rel=\"noopener\"><strong>Escofet<\/strong><\/a>, empresa de dise\u00f1o e industrializaci\u00f3n de elementos urbanos y hormig\u00f3n arquitect\u00f3nico.<\/p>\n<p><strong>\u25aa\ufe0f Ignacio L\u00f3pez<\/strong>, socio fundador de <a target=\"_blank\" target=\"_blank\" href=\"http:\/\/lagula.to\/\" target=\"_blank\" rel=\"noopener\"><strong>Lagula Arquitectes<\/strong><\/a>, despacho de arquitectura que combina la pr\u00e1ctica con la investigaci\u00f3n y la docencia en universidades nacionales e internacionales.<\/p>\n<p><strong>\u25aa\ufe0f Albert de la Fuente<\/strong>, investigador del grupo Ingenier\u00eda de la Construcci\u00f3n en <a target=\"_blank\" target=\"_blank\" href=\"https:\/\/www.upc.edu\/es\" target=\"_blank\" rel=\"noopener\"><strong>UPC<\/strong><\/a>.<\/p>\n<ul>\n<li>\n\t\t\t\t\t\t\t\t\t\t12:00h Visita a las instalaciones y laboratorios de fabricaci\u00f3n aditiva de ESEIAAT UPC<\/li>\n<\/ul>\n<ul>\n<li><\/li>\n<\/ul>\n<ul>\n<li>\n\t\t\t\t\t\t\t\t\t\t12:45h &#8211; 13:30h Fin de la jornada. Aperitivo-networking.<\/li>\n<\/ul>\n<p>PONENTES<\/p>\n<p><img decoding=\"async\" width=\"150\" height=\"150\" src=\"https:\/\/cit.upc.edu\/wp-content\/uploads\/2022\/04\/ignacio-segura-150x150.png\" alt=\"Ignacio L\u00f3pez, socio fundador Lagula Arquitectes\" loading=\"lazy\" srcset=\"https:\/\/cit.upc.edu\/wp-content\/uploads\/2022\/04\/ignacio-segura-150x150.png 150w, https:\/\/cit.upc.edu\/wp-content\/uploads\/2022\/04\/ignacio-segura-85x85.png 85w, https:\/\/cit.upc.edu\/wp-content\/uploads\/2022\/04\/ignacio-segura-80x80.png 80w\" sizes=\"auto, (max-width: 150px) 100vw, 150px\"><\/p>\n<p>Ignacio L\u00f3pez<\/p>\n<p><img decoding=\"async\" width=\"120\" height=\"120\" src=\"https:\/\/cit.upc.edu\/wp-content\/uploads\/2022\/04\/Albert-de-la-fuente.jpg\" alt=\"Albert de la Fuente\" loading=\"lazy\" srcset=\"https:\/\/cit.upc.edu\/wp-content\/uploads\/2022\/04\/Albert-de-la-fuente.jpg 120w, https:\/\/cit.upc.edu\/wp-content\/uploads\/2022\/04\/Albert-de-la-fuente-50x50.jpg 50w, https:\/\/cit.upc.edu\/wp-content\/uploads\/2022\/04\/Albert-de-la-fuente-75x75.jpg 75w, https:\/\/cit.upc.edu\/wp-content\/uploads\/2022\/04\/Albert-de-la-fuente-85x85.jpg 85w, https:\/\/cit.upc.edu\/wp-content\/uploads\/2022\/04\/Albert-de-la-fuente-80x80.jpg 80w\" sizes=\"auto, (max-width: 120px) 100vw, 120px\"><\/p>\n<p>Albert de la Fuente<\/p>\n<p>EC UPC<\/p>\n<p>Lagula Arquitectes<\/p>\n<p>EC UPC<\/p>\n<p>CIM UPC<\/p>\n<p><img decoding=\"async\" width=\"120\" height=\"120\" src=\"https:\/\/cit.upc.edu\/wp-content\/uploads\/2022\/04\/ignacio-segura.jpg\" alt=\"\" loading=\"lazy\" srcset=\"https:\/\/cit.upc.edu\/wp-content\/uploads\/2022\/04\/ignacio-segura.jpg 120w, https:\/\/cit.upc.edu\/wp-content\/uploads\/2022\/04\/ignacio-segura-50x50.jpg 50w, https:\/\/cit.upc.edu\/wp-content\/uploads\/2022\/04\/ignacio-segura-75x75.jpg 75w, https:\/\/cit.upc.edu\/wp-content\/uploads\/2022\/04\/ignacio-segura-85x85.jpg 85w, https:\/\/cit.upc.edu\/wp-content\/uploads\/2022\/04\/ignacio-segura-80x80.jpg 80w\" sizes=\"auto, (max-width: 120px) 100vw, 120px\"><\/p>\n<p>Ignacio Segura<\/p>\n<p><img decoding=\"async\" width=\"150\" height=\"150\" src=\"https:\/\/cit.upc.edu\/wp-content\/uploads\/2022\/04\/Louison-Poudelet-1-150x150.jpg\" alt=\"Louison Poudelet\" loading=\"lazy\" srcset=\"https:\/\/cit.upc.edu\/wp-content\/uploads\/2022\/04\/Louison-Poudelet-1-150x150.jpg 150w, https:\/\/cit.upc.edu\/wp-content\/uploads\/2022\/04\/Louison-Poudelet-1-145x146.jpg 145w, https:\/\/cit.upc.edu\/wp-content\/uploads\/2022\/04\/Louison-Poudelet-1-50x50.jpg 50w, https:\/\/cit.upc.edu\/wp-content\/uploads\/2022\/04\/Louison-Poudelet-1-75x75.jpg 75w, https:\/\/cit.upc.edu\/wp-content\/uploads\/2022\/04\/Louison-Poudelet-1-85x85.jpg 85w, https:\/\/cit.upc.edu\/wp-content\/uploads\/2022\/04\/Louison-Poudelet-1-80x80.jpg 80w, https:\/\/cit.upc.edu\/wp-content\/uploads\/2022\/04\/Louison-Poudelet-1.jpg 190w\" sizes=\"auto, (max-width: 150px) 100vw, 150px\"><\/p>\n<p>Louison Poudelet<\/p>\n<p><img decoding=\"async\" width=\"150\" height=\"150\" src=\"https:\/\/cit.upc.edu\/wp-content\/uploads\/2022\/04\/Miren-Etxebarria-150x150.png\" alt=\"\" loading=\"lazy\" srcset=\"https:\/\/cit.upc.edu\/wp-content\/uploads\/2022\/04\/Miren-Etxebarria-150x150.png 150w, https:\/\/cit.upc.edu\/wp-content\/uploads\/2022\/04\/Miren-Etxebarria-85x85.png 85w, https:\/\/cit.upc.edu\/wp-content\/uploads\/2022\/04\/Miren-Etxebarria-80x80.png 80w\" sizes=\"auto, (max-width: 150px) 100vw, 150px\"><\/p>\n<p>Miren Etxeberria<\/p>\n<p>ATEM UPC<\/p>\n<p>CATMech UPC<\/p>\n<p><img decoding=\"async\" width=\"120\" height=\"120\" src=\"https:\/\/cit.upc.edu\/wp-content\/uploads\/2022\/04\/lluis_gil.jpg\" alt=\"Lluis Gil\" loading=\"lazy\" srcset=\"https:\/\/cit.upc.edu\/wp-content\/uploads\/2022\/04\/lluis_gil.jpg 120w, https:\/\/cit.upc.edu\/wp-content\/uploads\/2022\/04\/lluis_gil-50x50.jpg 50w, https:\/\/cit.upc.edu\/wp-content\/uploads\/2022\/04\/lluis_gil-75x75.jpg 75w, https:\/\/cit.upc.edu\/wp-content\/uploads\/2022\/04\/lluis_gil-85x85.jpg 85w, https:\/\/cit.upc.edu\/wp-content\/uploads\/2022\/04\/lluis_gil-80x80.jpg 80w\" sizes=\"auto, (max-width: 120px) 100vw, 120px\"><\/p>\n<p>&nbsp; &nbsp; &nbsp; Llu\u00eds Gil<\/p>\n<p>UBICACI\u00d3N<\/p>\n<p><iframe frameborder=\"0\" scrolling=\"no\" marginheight=\"0\" marginwidth=\"0\" src=\"https:\/\/maps.google.com\/maps?q=ESEIAAT%20UPC&amp;t=m&amp;z=10&amp;output=embed&amp;iwloc=near\" title=\"ESEIAAT UPC\" aria-label=\"ESEIAAT UPC\"><\/iframe><\/p>\n<p><strong>UPC ESCOLA SUPERIOR D&#8217;ENGINYERIES INDUSTRIAL, AEROESPACIAL I AUDIOVISUAL DE TERRASSA (ESEIAAT UPC).<\/strong><\/p>\n<p><strong>Sala de conferencias, Edificio TR5.<\/strong><\/p>\n<p>Calle de Colom, 11, Terrassa<\/p>\n<h3>ORGANIZADORES<\/h3>\n<p><a target=\"_blank\" target=\"_blank\" href=\"https:\/\/cit.upc.edu\/es\/\" target=\"_blank\" rel=\"noopener\"><br \/>\n<img decoding=\"async\" width=\"1024\" height=\"346\" src=\"https:\/\/cit.upc.edu\/wp-content\/uploads\/2022\/04\/Web-Jornada-Materiales-05-1024x346.png\" alt=\"Logo CIT UPC\" loading=\"lazy\" srcset=\"https:\/\/cit.upc.edu\/wp-content\/uploads\/2022\/04\/Web-Jornada-Materiales-05-1024x346.png 1024w, https:\/\/cit.upc.edu\/wp-content\/uploads\/2022\/04\/Web-Jornada-Materiales-05-300x101.png 300w, https:\/\/cit.upc.edu\/wp-content\/uploads\/2022\/04\/Web-Jornada-Materiales-05-768x259.png 768w, https:\/\/cit.upc.edu\/wp-content\/uploads\/2022\/04\/Web-Jornada-Materiales-05-1536x518.png 1536w, https:\/\/cit.upc.edu\/wp-content\/uploads\/2022\/04\/Web-Jornada-Materiales-05-260x88.png 260w, https:\/\/cit.upc.edu\/wp-content\/uploads\/2022\/04\/Web-Jornada-Materiales-05-50x17.png 50w, https:\/\/cit.upc.edu\/wp-content\/uploads\/2022\/04\/Web-Jornada-Materiales-05-150x51.png 150w, https:\/\/cit.upc.edu\/wp-content\/uploads\/2022\/04\/Web-Jornada-Materiales-05.png 1538w\" sizes=\"auto, (max-width: 1024px) 100vw, 1024px\">\t\t\t\t\t\t\t\t<\/a><br \/>\n<a target=\"_blank\" target=\"_blank\" href=\"https:\/\/www.upc.edu\/es?set_language=es\" target=\"_blank\" rel=\"noopener\"><br \/>\n<img decoding=\"async\" width=\"1024\" height=\"346\" src=\"https:\/\/cit.upc.edu\/wp-content\/uploads\/2022\/04\/Web-Jornada-Materiales-06-1024x346.png\" alt=\"Logo UPC\" loading=\"lazy\" srcset=\"https:\/\/cit.upc.edu\/wp-content\/uploads\/2022\/04\/Web-Jornada-Materiales-06-1024x346.png 1024w, https:\/\/cit.upc.edu\/wp-content\/uploads\/2022\/04\/Web-Jornada-Materiales-06-300x101.png 300w, https:\/\/cit.upc.edu\/wp-content\/uploads\/2022\/04\/Web-Jornada-Materiales-06-768x259.png 768w, https:\/\/cit.upc.edu\/wp-content\/uploads\/2022\/04\/Web-Jornada-Materiales-06-1536x518.png 1536w, https:\/\/cit.upc.edu\/wp-content\/uploads\/2022\/04\/Web-Jornada-Materiales-06-260x88.png 260w, https:\/\/cit.upc.edu\/wp-content\/uploads\/2022\/04\/Web-Jornada-Materiales-06-50x17.png 50w, https:\/\/cit.upc.edu\/wp-content\/uploads\/2022\/04\/Web-Jornada-Materiales-06-150x51.png 150w, https:\/\/cit.upc.edu\/wp-content\/uploads\/2022\/04\/Web-Jornada-Materiales-06.png 1538w\" sizes=\"auto, (max-width: 1024px) 100vw, 1024px\">\t\t\t\t\t\t\t\t<\/a><br \/>\n<a target=\"_blank\" target=\"_blank\" href=\"https:\/\/www.fundaciocim.org\/\" target=\"_blank\" rel=\"noopener\"><br \/>\n<img decoding=\"async\" width=\"857\" height=\"519\" src=\"https:\/\/cit.upc.edu\/wp-content\/uploads\/2022\/04\/Web-Jornada-Materiales-07.png\" alt=\"\" loading=\"lazy\" srcset=\"https:\/\/cit.upc.edu\/wp-content\/uploads\/2022\/04\/Web-Jornada-Materiales-07.png 857w, https:\/\/cit.upc.edu\/wp-content\/uploads\/2022\/04\/Web-Jornada-Materiales-07-300x182.png 300w, https:\/\/cit.upc.edu\/wp-content\/uploads\/2022\/04\/Web-Jornada-Materiales-07-768x465.png 768w, https:\/\/cit.upc.edu\/wp-content\/uploads\/2022\/04\/Web-Jornada-Materiales-07-241x146.png 241w, https:\/\/cit.upc.edu\/wp-content\/uploads\/2022\/04\/Web-Jornada-Materiales-07-50x30.png 50w, https:\/\/cit.upc.edu\/wp-content\/uploads\/2022\/04\/Web-Jornada-Materiales-07-124x75.png 124w\" sizes=\"auto, (max-width: 857px) 100vw, 857px\">\t\t\t\t\t\t\t\t<\/a><\/p>\n","protected":false},"excerpt":{"rendered":"<p>JORNADA SECTORIAL MATERIALES AVANZADOS PARA LA CONSTRUCCI\u00d3N 26 DE ABRIL | 9:45H &#8211; 13:30H REG\u00cdSTRATE LA UPC, CLAVE EN LA TRANSFORMACI\u00d3N&nbsp;DEL SECTOR El sector de la<span class=\"excerpt-hellip\"> [\u2026]<\/span><\/p>\n","protected":false},"author":5,"featured_media":0,"parent":0,"menu_order":0,"comment_status":"closed","ping_status":"closed","template":"elementor_canvas","meta":{"footnotes":""},"class_list":["post-16396","page","type-page","status-publish","hentry"],"yoast_head":"<!-- This site is optimized with the Yoast SEO plugin v27.4 - https:\/\/yoast.com\/product\/yoast-seo-wordpress\/ -->\n<title>CIT UPC - Jornada Materiales Construcci\u00f3n<\/title>\n<meta name=\"robots\" content=\"index, follow, max-snippet:-1, max-image-preview:large, max-video-preview:-1\" \/>\n<link rel=\"canonical\" href=\"https:\/\/cit.upc.edu\/es\/jornadamaterialesconstruccion\/\" \/>\n<meta property=\"og:locale\" content=\"es_ES\" \/>\n<meta property=\"og:type\" content=\"article\" \/>\n<meta property=\"og:title\" content=\"CIT UPC - Jornada Materiales Construcci\u00f3n\" \/>\n<meta property=\"og:description\" content=\"JORNADA SECTORIAL MATERIALES AVANZADOS PARA LA CONSTRUCCI\u00d3N 26 DE ABRIL | 9:45H &#8211; 13:30H REG\u00cdSTRATE LA UPC, CLAVE EN LA TRANSFORMACI\u00d3N&nbsp;DEL SECTOR El sector de la [\u2026]\" \/>\n<meta property=\"og:url\" content=\"https:\/\/cit.upc.edu\/es\/jornadamaterialesconstruccion\/\" \/>\n<meta property=\"og:site_name\" content=\"CIT UPC\" \/>\n<meta property=\"article:publisher\" content=\"https:\/\/www.facebook.com\/cit.upc\" \/>\n<meta property=\"article:modified_time\" content=\"2022-04-29T08:44:07+00:00\" \/>\n<meta property=\"og:image\" content=\"https:\/\/cit.upc.edu\/wp-content\/uploads\/2022\/04\/logos-jornada.png\" \/>\n<meta name=\"twitter:card\" content=\"summary_large_image\" \/>\n<meta name=\"twitter:site\" content=\"@CIT_UPC\" \/>\n<meta name=\"twitter:label1\" content=\"Tiempo de lectura\" \/>\n\t<meta name=\"twitter:data1\" content=\"7 minutos\" \/>\n<script type=\"application\/ld+json\" class=\"yoast-schema-graph\">{\"@context\":\"https:\\\/\\\/schema.org\",\"@graph\":[{\"@type\":\"WebPage\",\"@id\":\"https:\\\/\\\/cit.upc.edu\\\/es\\\/jornadamaterialesconstruccion\\\/\",\"url\":\"https:\\\/\\\/cit.upc.edu\\\/es\\\/jornadamaterialesconstruccion\\\/\",\"name\":\"CIT UPC - Jornada Materiales Construcci\u00f3n\",\"isPartOf\":{\"@id\":\"https:\\\/\\\/cit.upc.edu\\\/es\\\/#website\"},\"primaryImageOfPage\":{\"@id\":\"https:\\\/\\\/cit.upc.edu\\\/es\\\/jornadamaterialesconstruccion\\\/#primaryimage\"},\"image\":{\"@id\":\"https:\\\/\\\/cit.upc.edu\\\/es\\\/jornadamaterialesconstruccion\\\/#primaryimage\"},\"thumbnailUrl\":\"https:\\\/\\\/cit.upc.edu\\\/wp-content\\\/uploads\\\/2022\\\/04\\\/logos-jornada.png\",\"datePublished\":\"2022-04-07T09:03:16+00:00\",\"dateModified\":\"2022-04-29T08:44:07+00:00\",\"breadcrumb\":{\"@id\":\"https:\\\/\\\/cit.upc.edu\\\/es\\\/jornadamaterialesconstruccion\\\/#breadcrumb\"},\"inLanguage\":\"es\",\"potentialAction\":[{\"@type\":\"ReadAction\",\"target\":[\"https:\\\/\\\/cit.upc.edu\\\/es\\\/jornadamaterialesconstruccion\\\/\"]}]},{\"@type\":\"ImageObject\",\"inLanguage\":\"es\",\"@id\":\"https:\\\/\\\/cit.upc.edu\\\/es\\\/jornadamaterialesconstruccion\\\/#primaryimage\",\"url\":\"https:\\\/\\\/cit.upc.edu\\\/wp-content\\\/uploads\\\/2022\\\/04\\\/logos-jornada.png\",\"contentUrl\":\"https:\\\/\\\/cit.upc.edu\\\/wp-content\\\/uploads\\\/2022\\\/04\\\/logos-jornada.png\"},{\"@type\":\"BreadcrumbList\",\"@id\":\"https:\\\/\\\/cit.upc.edu\\\/es\\\/jornadamaterialesconstruccion\\\/#breadcrumb\",\"itemListElement\":[{\"@type\":\"ListItem\",\"position\":1,\"name\":\"Portada\",\"item\":\"https:\\\/\\\/cit.upc.edu\\\/es\\\/\"},{\"@type\":\"ListItem\",\"position\":2,\"name\":\"Jornada Materiales Construcci\u00f3n\"}]},{\"@type\":\"WebSite\",\"@id\":\"https:\\\/\\\/cit.upc.edu\\\/es\\\/#website\",\"url\":\"https:\\\/\\\/cit.upc.edu\\\/es\\\/\",\"name\":\"CIT UPC\",\"description\":\"Centro de Innovaci\u00f3n y Tecnolog\u00eda\",\"publisher\":{\"@id\":\"https:\\\/\\\/cit.upc.edu\\\/es\\\/#organization\"},\"potentialAction\":[{\"@type\":\"SearchAction\",\"target\":{\"@type\":\"EntryPoint\",\"urlTemplate\":\"https:\\\/\\\/cit.upc.edu\\\/es\\\/?s={search_term_string}\"},\"query-input\":{\"@type\":\"PropertyValueSpecification\",\"valueRequired\":true,\"valueName\":\"search_term_string\"}}],\"inLanguage\":\"es\"},{\"@type\":\"Organization\",\"@id\":\"https:\\\/\\\/cit.upc.edu\\\/es\\\/#organization\",\"name\":\"CIT UPC - UPC Technology Center\",\"url\":\"https:\\\/\\\/cit.upc.edu\\\/es\\\/\",\"logo\":{\"@type\":\"ImageObject\",\"inLanguage\":\"es\",\"@id\":\"https:\\\/\\\/cit.upc.edu\\\/es\\\/#\\\/schema\\\/logo\\\/image\\\/\",\"url\":\"https:\\\/\\\/cit.upc.edu\\\/wp-content\\\/uploads\\\/2020\\\/04\\\/cropped-logo_positiu_horitzontal_2020_espanol.png\",\"contentUrl\":\"https:\\\/\\\/cit.upc.edu\\\/wp-content\\\/uploads\\\/2020\\\/04\\\/cropped-logo_positiu_horitzontal_2020_espanol.png\",\"width\":512,\"height\":512,\"caption\":\"CIT UPC - UPC Technology Center\"},\"image\":{\"@id\":\"https:\\\/\\\/cit.upc.edu\\\/es\\\/#\\\/schema\\\/logo\\\/image\\\/\"},\"sameAs\":[\"https:\\\/\\\/www.facebook.com\\\/cit.upc\",\"https:\\\/\\\/x.com\\\/CIT_UPC\",\"https:\\\/\\\/www.youtube.com\\\/user\\\/CITUPC\",\"https:\\\/\\\/www.flickr.com\\\/photos\\\/181927091@N08\",\"https:\\\/\\\/www.linkedin.com\\\/company\\\/cit-upc\\\/\",\"https:\\\/\\\/www.instagram.com\\\/cit_upc\\\/\"]}]}<\/script>\n<!-- \/ Yoast SEO plugin. -->","yoast_head_json":{"title":"CIT UPC - Jornada Materiales Construcci\u00f3n","robots":{"index":"index","follow":"follow","max-snippet":"max-snippet:-1","max-image-preview":"max-image-preview:large","max-video-preview":"max-video-preview:-1"},"canonical":"https:\/\/cit.upc.edu\/es\/jornadamaterialesconstruccion\/","og_locale":"es_ES","og_type":"article","og_title":"CIT UPC - Jornada Materiales Construcci\u00f3n","og_description":"JORNADA SECTORIAL MATERIALES AVANZADOS PARA LA CONSTRUCCI\u00d3N 26 DE ABRIL | 9:45H &#8211; 13:30H REG\u00cdSTRATE LA UPC, CLAVE EN LA TRANSFORMACI\u00d3N&nbsp;DEL SECTOR El sector de la [\u2026]","og_url":"https:\/\/cit.upc.edu\/es\/jornadamaterialesconstruccion\/","og_site_name":"CIT UPC","article_publisher":"https:\/\/www.facebook.com\/cit.upc","article_modified_time":"2022-04-29T08:44:07+00:00","og_image":[{"url":"https:\/\/cit.upc.edu\/wp-content\/uploads\/2022\/04\/logos-jornada.png","type":"","width":"","height":""}],"twitter_card":"summary_large_image","twitter_site":"@CIT_UPC","twitter_misc":{"Tiempo de lectura":"7 minutos"},"schema":{"@context":"https:\/\/schema.org","@graph":[{"@type":"WebPage","@id":"https:\/\/cit.upc.edu\/es\/jornadamaterialesconstruccion\/","url":"https:\/\/cit.upc.edu\/es\/jornadamaterialesconstruccion\/","name":"CIT UPC - Jornada Materiales Construcci\u00f3n","isPartOf":{"@id":"https:\/\/cit.upc.edu\/es\/#website"},"primaryImageOfPage":{"@id":"https:\/\/cit.upc.edu\/es\/jornadamaterialesconstruccion\/#primaryimage"},"image":{"@id":"https:\/\/cit.upc.edu\/es\/jornadamaterialesconstruccion\/#primaryimage"},"thumbnailUrl":"https:\/\/cit.upc.edu\/wp-content\/uploads\/2022\/04\/logos-jornada.png","datePublished":"2022-04-07T09:03:16+00:00","dateModified":"2022-04-29T08:44:07+00:00","breadcrumb":{"@id":"https:\/\/cit.upc.edu\/es\/jornadamaterialesconstruccion\/#breadcrumb"},"inLanguage":"es","potentialAction":[{"@type":"ReadAction","target":["https:\/\/cit.upc.edu\/es\/jornadamaterialesconstruccion\/"]}]},{"@type":"ImageObject","inLanguage":"es","@id":"https:\/\/cit.upc.edu\/es\/jornadamaterialesconstruccion\/#primaryimage","url":"https:\/\/cit.upc.edu\/wp-content\/uploads\/2022\/04\/logos-jornada.png","contentUrl":"https:\/\/cit.upc.edu\/wp-content\/uploads\/2022\/04\/logos-jornada.png"},{"@type":"BreadcrumbList","@id":"https:\/\/cit.upc.edu\/es\/jornadamaterialesconstruccion\/#breadcrumb","itemListElement":[{"@type":"ListItem","position":1,"name":"Portada","item":"https:\/\/cit.upc.edu\/es\/"},{"@type":"ListItem","position":2,"name":"Jornada Materiales Construcci\u00f3n"}]},{"@type":"WebSite","@id":"https:\/\/cit.upc.edu\/es\/#website","url":"https:\/\/cit.upc.edu\/es\/","name":"CIT UPC","description":"Centro de Innovaci\u00f3n y Tecnolog\u00eda","publisher":{"@id":"https:\/\/cit.upc.edu\/es\/#organization"},"potentialAction":[{"@type":"SearchAction","target":{"@type":"EntryPoint","urlTemplate":"https:\/\/cit.upc.edu\/es\/?s={search_term_string}"},"query-input":{"@type":"PropertyValueSpecification","valueRequired":true,"valueName":"search_term_string"}}],"inLanguage":"es"},{"@type":"Organization","@id":"https:\/\/cit.upc.edu\/es\/#organization","name":"CIT UPC - UPC Technology Center","url":"https:\/\/cit.upc.edu\/es\/","logo":{"@type":"ImageObject","inLanguage":"es","@id":"https:\/\/cit.upc.edu\/es\/#\/schema\/logo\/image\/","url":"https:\/\/cit.upc.edu\/wp-content\/uploads\/2020\/04\/cropped-logo_positiu_horitzontal_2020_espanol.png","contentUrl":"https:\/\/cit.upc.edu\/wp-content\/uploads\/2020\/04\/cropped-logo_positiu_horitzontal_2020_espanol.png","width":512,"height":512,"caption":"CIT UPC - UPC Technology Center"},"image":{"@id":"https:\/\/cit.upc.edu\/es\/#\/schema\/logo\/image\/"},"sameAs":["https:\/\/www.facebook.com\/cit.upc","https:\/\/x.com\/CIT_UPC","https:\/\/www.youtube.com\/user\/CITUPC","https:\/\/www.flickr.com\/photos\/181927091@N08","https:\/\/www.linkedin.com\/company\/cit-upc\/","https:\/\/www.instagram.com\/cit_upc\/"]}]}},"_links":{"self":[{"href":"https:\/\/cit.upc.edu\/es\/wp-json\/wp\/v2\/pages\/16396","targetHints":{"allow":["GET"]}}],"collection":[{"href":"https:\/\/cit.upc.edu\/es\/wp-json\/wp\/v2\/pages"}],"about":[{"href":"https:\/\/cit.upc.edu\/es\/wp-json\/wp\/v2\/types\/page"}],"author":[{"embeddable":true,"href":"https:\/\/cit.upc.edu\/es\/wp-json\/wp\/v2\/users\/5"}],"replies":[{"embeddable":true,"href":"https:\/\/cit.upc.edu\/es\/wp-json\/wp\/v2\/comments?post=16396"}],"version-history":[{"count":326,"href":"https:\/\/cit.upc.edu\/es\/wp-json\/wp\/v2\/pages\/16396\/revisions"}],"predecessor-version":[{"id":17071,"href":"https:\/\/cit.upc.edu\/es\/wp-json\/wp\/v2\/pages\/16396\/revisions\/17071"}],"wp:attachment":[{"href":"https:\/\/cit.upc.edu\/es\/wp-json\/wp\/v2\/media?parent=16396"}],"curies":[{"name":"wp","href":"https:\/\/api.w.org\/{rel}","templated":true}]}}