{"id":7707,"date":"2020-10-13T06:54:32","date_gmt":"2020-10-13T06:54:32","guid":{"rendered":"https:\/\/cit.upc.edu\/?page_id=7707"},"modified":"2021-02-15T08:08:55","modified_gmt":"2021-02-15T08:08:55","slug":"politica-de-privacidad","status":"publish","type":"page","link":"https:\/\/cit.upc.edu\/es\/politica-de-privacidad\/","title":{"rendered":"Pol\u00edtica de Privacidad"},"content":{"rendered":"\n<p>La confidencialidad y la seguridad son valores primordiales de&nbsp;la&nbsp;Fundaci\u00f3 Centre d\u2019Innovaci\u00f3 i Tecnologia de la Universitat Polit\u00e8cnica de Catalunya (CIT UPC) y, en consecuencia, asumimos el compromiso de garantizar la privacidad de los datos personales de nuestros clientes en todo momento y de no recabar informaci\u00f3n innecesaria.<\/p>\n\n\n\n<p>A continuaci\u00f3n, le proporcionamos toda la informaci\u00f3n necesaria sobre nuestra Pol\u00edtica de Privacidad en relaci\u00f3n con los datos personales que recabamos, explic\u00e1ndoles:<\/p>\n\n\n\n<ul class=\"wp-block-list\"><li>Qui\u00e9n es el responsable del tratamiento de sus datos.<\/li><li>Para qu\u00e9 fines pedimos los datos que le pedimos.<\/li><li>Cu\u00e1l es la legitimaci\u00f3n para su tratamiento.<\/li><li>Durante cu\u00e1nto tiempo los conservamos.<\/li><li>A qu\u00e9 destinatarios se comunican sus datos.<\/li><li>Cu\u00e1les son sus derechos.<\/li><\/ul>\n\n\n\n<h3 class=\"wp-block-heading\">\u00bfQui\u00e9n es el responsable del tratamiento de los datos personales?<\/h3>\n\n\n\n<p><strong>Raz\u00f3n social:<\/strong>&nbsp;Fundaci\u00f3 Centre d\u2019Innovaci\u00f3 i Tecnologia de la Universitat Polit\u00e8cnica de Catalunya (CIT UPC)<\/p>\n\n\n\n<p><strong>NIF:<\/strong>&nbsp;G65497182<\/p>\n\n\n\n<p><strong>Direcci\u00f3n:<\/strong>&nbsp;Edifici Omega (planta 0), C\/Jordi Girona, 1-3, 08034 Barcelona<\/p>\n\n\n\n<p><strong>Contacto:<\/strong>&nbsp;info.cit@upc.edu<\/p>\n\n\n\n<h3 class=\"wp-block-heading\">\u00bfQui\u00e9nes son los colectivos de interesados?<\/h3>\n\n\n\n<p>Los datos de car\u00e1cter personal tratados son aquel&nbsp;es de:<\/p>\n\n\n\n<ul class=\"wp-block-list\"><li>Personas de que nos han proporcionado sus datos&nbsp;en los diferentes formularios de la web&nbsp;para&nbsp;realizar consultas u&nbsp;obtener informaci\u00f3n sobre nuestros servicios&nbsp;y&nbsp;actividades.<\/li><li>Personas que han solicitado recibir el bolet\u00edn con comunicaciones sobre novedades, servicios, y\/o promociones del CIT UPC<\/li><li>Personas que se quieren enviar sus candidaturas a procesos de selecci\u00f3n de personal publicadas en la bolsa de trabajo.<\/li><\/ul>\n\n\n\n<h3 class=\"wp-block-heading\">\u00bfCon qu\u00e9 fines y legitimaci\u00f3n utilizamos los datos personales?<\/h3>\n\n\n\n<p>En&nbsp;el CIT UPC&nbsp;tratamos los datos personales para&nbsp;responder a las demandas de informaci\u00f3n&nbsp;o responder a tus&nbsp;solicitudes.<\/p>\n\n\n\n<p>Estos datos de car\u00e1cter personal ser\u00e1n tratados para las finalidades&nbsp;leg\u00edtimas&nbsp;que se indican a continuaci\u00f3n.<\/p>\n\n\n\n<ul class=\"wp-block-list\"><li><strong>Respuesta a solicitudes de informaci\u00f3n o de contacto<\/strong><br>En el CIT UPC&nbsp;utilizaremos los datos&nbsp;de contacto proporcionados&nbsp;para responder a sus solicitudes y consultas respecto a nuestros productos y&nbsp;servicios,&nbsp;ya sean&nbsp;realizadas mediante el formulario&nbsp;disponible en la web o dirigidas a las direcciones de correo electr\u00f3nico de contacto que hay publicadas.<br><strong>Legitimaci\u00f3n:<\/strong><ul><li>Inter\u00e9s leg\u00edtimo del CIT UPC&nbsp;para este tratamiento de datos&nbsp;teniendo en cuenta las expectativas razonables de los interesados&nbsp;en&nbsp;recibir una respuesta a&nbsp;sus&nbsp;peticiones.<\/li><\/ul><ul><li>Consentimiento dado libremente por el interesado quien env\u00eda sus datos mediante el formulario proporcionado espec\u00edficamente para este prop\u00f3sito.<\/li><\/ul><\/li><\/ul>\n\n\n\n<ul class=\"wp-block-list\"><li><strong>Env\u00edo de comunicaciones por cualquier canal, incluido por v\u00eda electr\u00f3nica<\/strong><br>El CIT UPC&nbsp;tratar\u00e1 los datos&nbsp;de contacto proporcionados&nbsp;para informar y asesorar a aquellos interesados que expresamente nos lo hayan solicitado.&nbsp;As\u00ed,&nbsp;el CIT UPC&nbsp;tratar\u00e1 los datos personales de los interesados para realizar el env\u00edo de boletines informativos sobre&nbsp;eventos,&nbsp;actividades,&nbsp;novedades, noticias y promociones&nbsp;que pueda ser de su inter\u00e9s&nbsp;y relacionadas con la actividad del CIT UPC.<br><strong>Legitimaci\u00f3n:<\/strong><ul><li>Consentimiento&nbsp;espec\u00edfico&nbsp;que&nbsp;se&nbsp;solicita&nbsp;&nbsp;&nbsp;al interesado&nbsp;en&nbsp;los&nbsp;formularios de la&nbsp;web,&nbsp;sin que en ning\u00fan caso la&nbsp;existencia de este consentimiento&nbsp;condicione&nbsp;la prestaci\u00f3n de la finalidad principal del&nbsp;formulario.<\/li><\/ul><ul><li>El consentimiento que se da de forma expresa en el caso del env\u00edo de datos a trav\u00e9s del formulario espec\u00edfico donde los&nbsp;usuarios&nbsp;pueden solicitado la recepci\u00f3n de boletines.<\/li><\/ul><\/li><li><strong>Env\u00edo de candidaturas a procesos de selecci\u00f3n abiertos&nbsp;<\/strong><br>Se&nbsp;tratar\u00e1n&nbsp;los datos personales&nbsp;de las personas que quieren presentar su candidatura a los procesos de selecci\u00f3n abiertos por CIT UPC&nbsp;con el fin de validar las candidaturas a las posiciones a las que aplican.<br><strong>Legitimaci\u00f3n:<\/strong><ul><li>Inter\u00e9s leg\u00edtimo del CIT UPC&nbsp;para gestionar las candidaturas a los procesos de selecci\u00f3n abiertos&nbsp;y&nbsp;teniendo en cuenta las expectativas razonables de los interesados en&nbsp;participar en estos&nbsp;procesos.<\/li><\/ul><ul><li>Tratamiento necesario para la ejecuci\u00f3n de un contrato en el que el interesado es parte o para la aplicaci\u00f3n a petici\u00f3n de \u00e9ste de medidas&nbsp;precontractuales.<\/li><\/ul><ul><li>Consentimiento expresado por los interesados al proporcionar sus datos mediante el formulario espec\u00edfico para este fin.<\/li><\/ul><\/li><\/ul>\n\n\n\n<p>Adem\u00e1s de lo anterior,&nbsp;el CIT UPC&nbsp;podr\u00e1 llevar a cabo otros tratamientos de los datos personales. En este caso el interesado recibir\u00e1 la informaci\u00f3n necesaria en relaci\u00f3n a estos tratamientos y&nbsp;el CIT UPC&nbsp;solicitar\u00e1 su consentimiento si as\u00ed resulta necesario.<\/p>\n\n\n\n<h3 class=\"wp-block-heading\">\u00bfDurante cu\u00e1nto tiempo conservar\u00e1&nbsp;el CIT UPC&nbsp;los datos?<\/h3>\n\n\n\n<p>En&nbsp;general,&nbsp;los datos&nbsp;se conservar\u00e1n durante el tiempo que&nbsp;sea&nbsp;necesario para cumplir con la finalidad para la que se pidieron y&nbsp;para&nbsp;determinar las posibles responsabilidades que se puedan derivar de esta finalidad y del tratamiento de los datos.<\/p>\n\n\n\n<p>Entre otros, implica que&nbsp;el CIT UPC&nbsp;conservar\u00e1 los datos personales de los interesados por el tiempo que dure la&nbsp;vinculaci\u00f3n&nbsp;con nosotros&nbsp;y,&nbsp;en su caso,&nbsp;durante el per\u00edodo que resulte necesario para la formulaci\u00f3n, el ejercicio o la defensa de potenciales&nbsp;reclamaciones,&nbsp;o&nbsp;para cumplir con&nbsp;las&nbsp;obligaciones legales&nbsp;que determine&nbsp;la legislaci\u00f3n aplicable.<\/p>\n\n\n\n<p>En el caso de los datos de los candidatos que nos env\u00edan sus candidaturas a procesos de selecci\u00f3n, sus datos se mantendr\u00e1n un m\u00e1ximo de&nbsp;1 a\u00f1o&nbsp;si no han sido admitidos en ning\u00fan proceso de selecci\u00f3n durante este periodo o&nbsp;el interesado&nbsp;no haya dado su consentimiento para su conservaci\u00f3n por un per\u00edodo m\u00e1s prolongado.<\/p>\n\n\n\n<p>Una vez finalizado dicho plazo,&nbsp;el CIT UPC&nbsp;se compromete a cesar el tratamiento de todos los datos personales,&nbsp;destruirlos,&nbsp;bloquearlos&nbsp;o&nbsp;anonimizarlos&nbsp;en la medida de lo posible para la finalidad para la que se conservaran.<\/p>\n\n\n\n<h3 class=\"wp-block-heading\">\u00bfA qui\u00e9n se comunicar\u00e1n los datos?<\/h3>\n\n\n\n<p>Los datos personales no se ceder\u00e1n&nbsp;a terceros, a menos que sea necesario&nbsp;para dar respuesta a la solicitud,&nbsp;estemos&nbsp;obligados&nbsp;por una ley o&nbsp;el interesado nos haya&nbsp;dado su consentimiento.<\/p>\n\n\n\n<p>Tambi\u00e9n puede que comunicamos los datos empresas que nos prestan servicios relacionados con la actividad ordinaria y administrativa de la empresa en calidad de encargados de tratamiento, nacionales o internacionales, en el marco de la prestaci\u00f3n de servicios tales como, entre otros, proveedores de servicios de correo electr\u00f3nico, alojamiento de servicios web, alojamiento de servidores, servicios de aplicaciones de gesti\u00f3n en modalidad SaaS, archivo de ficheros en la nube y otros.<\/p>\n\n\n\n<p>La prestaci\u00f3n de estos servicios puede implicar el tratamiento de los datos personales por parte de empresas ubicadas en pa\u00edses fuera del Espacio Econ\u00f3mico Europeo (transferencias internacionales de&nbsp;datos).&nbsp;Sin embargo, s\u00f3lo se realizar\u00e1 con&nbsp;pa\u00edses&nbsp;que ofrecen un nivel adecuado de protecci\u00f3n o, en el caso de entidades en los&nbsp;EE.UU.,&nbsp;que est\u00e9n&nbsp;acreditadas&nbsp;en el marco del Escudo de Privacidad UE-EEUU.&nbsp;Decisi\u00f3n (UE) 2016\/1250 de la Comisi\u00f3n, de 12 de julio de 2016.<\/p>\n\n\n\n<h3 class=\"wp-block-heading\">\u00bfCu\u00e1les son los derechos de los interesados cuando nos facilitan sus datos?<\/h3>\n\n\n\n<p>En cualquier momento el interesado puede ejercer sus derechos de acceso, rectificaci\u00f3n, supresi\u00f3n y portabilidad de los datos personales&nbsp;tratados por el CIT UPC,&nbsp;as\u00ed como los de oposici\u00f3n y limitaci\u00f3n de&nbsp;su&nbsp;tratamiento.<\/p>\n\n\n\n<p>Estos derechos podr\u00e1n ser ejercido&nbsp;gratuitamente&nbsp;por el interesado, y en su caso por quien lo represente, mediante solicitud escrita y firmada, acompa\u00f1ada de copia de su DNI o documento equivalente que acredite su identidad, dirigida a<\/p>\n\n\n\n<ul class=\"wp-block-list\"><li>Por correo electr\u00f3nico&nbsp;dpo.cit@upc.edu<\/li><li>Por correo postal:&nbsp;Edifici Omega (planta 0), C\/Jordi Girona, 1-3, 08034 Barcelona<\/li><\/ul>\n\n\n\n<p>En el caso de representaci\u00f3n,&nbsp;se&nbsp;deber\u00e1 probar mediante documento escrito y adjuntando copia del DNI o documento equivalente que acredite su&nbsp;representaci\u00f3n.<\/p>\n\n\n\n<p>Adem\u00e1s de los anteriores derechos, el interesado tendr\u00e1 derecho a&nbsp;<strong>retirar el consentimiento otorgado<\/strong>&nbsp;en cualquier momento mediante el procedimiento antes descrito, sin que esta retirada de consentimiento afecte la licitud del tratamiento anterior a la retirada del mismo.&nbsp;el CIT UPC&nbsp;podr\u00e1 continuar tratando los datos personales del interesado en la medida que la ley aplicable lo permita o persista cualquier otra legitimaci\u00f3n que lo justifique.<\/p>\n\n\n\n<p>Adicionalmente, en el caso del servicio de env\u00edo de boletines de comunicaciones, el interesado tiene derecho a revocar en cualquier momento el consentimiento prestado para el env\u00edo de comunicaciones comerciales notificando al CIT UPC&nbsp;que no desea seguir recibiendo las mismas.&nbsp;Para ello, el interesado podr\u00e1 o bien revocar su consentimiento en la forma descrita en el apartado anterior o bien utilizar el enlace incluido en cada comunicaci\u00f3n comercial para darse de baja de la lista de env\u00edo de comunicaciones electr\u00f3nicas.<\/p>\n\n\n\n<p>el CIT UPC&nbsp;recuerda al interesado que tiene derecho a presentar una reclamaci\u00f3n ante la autoridad de control pertinente (Agencia Espa\u00f1ola de Protecci\u00f3n de Datos).<\/p>\n\n\n\n<h3 class=\"wp-block-heading\">Actualizaci\u00f3n de sus datos<\/h3>\n\n\n\n<p>Es importante que&nbsp;para que&nbsp;podamos mantener sus datos personales actualizados, nos informe siempre que haya habido alguna modificaci\u00f3n en ellos. De lo contrario, no respondemos de la veracidad de&nbsp;estos y las implicaciones que pueda tener en su tratamiento.<\/p>\n\n\n\n<h3 class=\"wp-block-heading\">Seguridad en el tratamiento&nbsp;y custodia de datos<\/h3>\n\n\n\n<p>El&nbsp;<strong>CIT UPC<\/strong>&nbsp;declara que ha aplicado las medidas t\u00e9cnicas y organizativas apropiadas para garantizar y poder demostrar que el tratamiento es conforme con la legislaci\u00f3n vigente y que se garantiza la protecci\u00f3n de los derechos de los interesados.<\/p>\n\n\n\n<p>Para&nbsp;ello ha&nbsp;implantado&nbsp;un Sistema de Gesti\u00f3n de la Protecci\u00f3n de Datos Personales para determinar&nbsp;y aplicar&nbsp;los medios t\u00e9cnicos y organizativos a su alcance para evitar la p\u00e9rdida, mal uso, alteraci\u00f3n, acceso no autorizado y robo de los datos facilitados por los usuarios, sin perjuicio de informar que las medidas de seguridad en Internet no son inexpugnables.<\/p>\n\n\n\n<h3 class=\"wp-block-heading\">Uso de cookies<\/h3>\n\n\n\n<p>Este sitio web, al igual que la mayor\u00eda de los sitios web en Internet, usa cookies para mejorar la experiencia del usuario. En nuestra&nbsp;<strong><u>Pol\u00edtica de Cookies<\/u><\/strong>&nbsp;encontrar\u00e1 informaci\u00f3n sobre qu\u00e9 son las<\/p>\n\n\n\n<p>cookies, qu\u00e9 tipo de cookies utiliza este portal, c\u00f3mo puede desactivar las cookies en su navegador y c\u00f3mo desactivar espec\u00edficamente la instalaci\u00f3n de cookies de terceros.<\/p>\n\n\n\n<p>Rogamos lea atentamente nuestra&nbsp;<strong><u>Pol\u00edtica de Cookies<\/u><\/strong>&nbsp;antes de continuar navegando en nuestro sitio web.<\/p>\n\n\n\n<h3 class=\"wp-block-heading\">Modificaci\u00f3n de la Pol\u00edtica de Privacidad<\/h3>\n\n\n\n<p>El CIT UPC&nbsp;puede modificar su Pol\u00edtica de Privacidad de acuerdo con la legislaci\u00f3n aplicable en cada momento.&nbsp;En todo caso, cualquier modificaci\u00f3n de la Pol\u00edtica de Privacidad le ser\u00e1 debidamente notificada para que quede informado de los cambios realizados en el tratamiento de sus datos&nbsp;personales y, en caso de que la normativa aplicable as\u00ed lo exija, el interesado pueda&nbsp;confirmar&nbsp;su&nbsp;consentimiento.<\/p>\n","protected":false},"excerpt":{"rendered":"<p>La confidencialidad y la seguridad son valores primordiales de&nbsp;la&nbsp;Fundaci\u00f3 Centre d\u2019Innovaci\u00f3 i Tecnologia de la Universitat Polit\u00e8cnica de Catalunya (CIT UPC) y, en consecuencia, asumimos el<span class=\"excerpt-hellip\"> [\u2026]<\/span><\/p>\n","protected":false},"author":5,"featured_media":0,"parent":0,"menu_order":0,"comment_status":"closed","ping_status":"closed","template":"","meta":{"footnotes":""},"class_list":["post-7707","page","type-page","status-publish","hentry"],"yoast_head":"<!-- This site is optimized with the Yoast SEO plugin v27.5 - https:\/\/yoast.com\/product\/yoast-seo-wordpress\/ -->\n<title>CIT UPC - Pol\u00edtica de Privacidad<\/title>\n<meta name=\"robots\" content=\"index, follow, max-snippet:-1, max-image-preview:large, max-video-preview:-1\" \/>\n<link rel=\"canonical\" href=\"https:\/\/cit.upc.edu\/es\/politica-de-privacidad\/\" \/>\n<meta property=\"og:locale\" content=\"es_ES\" \/>\n<meta property=\"og:type\" content=\"article\" \/>\n<meta property=\"og:title\" content=\"CIT UPC - Pol\u00edtica de Privacidad\" \/>\n<meta property=\"og:description\" content=\"La confidencialidad y la seguridad son valores primordiales de&nbsp;la&nbsp;Fundaci\u00f3 Centre d\u2019Innovaci\u00f3 i Tecnologia de la Universitat Polit\u00e8cnica de Catalunya (CIT UPC) y, en consecuencia, asumimos el [\u2026]\" \/>\n<meta property=\"og:url\" content=\"https:\/\/cit.upc.edu\/es\/politica-de-privacidad\/\" \/>\n<meta property=\"og:site_name\" content=\"CIT UPC\" \/>\n<meta property=\"article:publisher\" content=\"https:\/\/www.facebook.com\/cit.upc\" \/>\n<meta property=\"article:modified_time\" content=\"2021-02-15T08:08:55+00:00\" \/>\n<meta name=\"twitter:card\" content=\"summary_large_image\" \/>\n<meta name=\"twitter:site\" content=\"@CIT_UPC\" \/>\n<meta name=\"twitter:label1\" content=\"Tiempo de lectura\" \/>\n\t<meta name=\"twitter:data1\" content=\"10 minutos\" \/>\n<script type=\"application\/ld+json\" class=\"yoast-schema-graph\">{\"@context\":\"https:\\\/\\\/schema.org\",\"@graph\":[{\"@type\":\"WebPage\",\"@id\":\"https:\\\/\\\/cit.upc.edu\\\/es\\\/politica-de-privacidad\\\/\",\"url\":\"https:\\\/\\\/cit.upc.edu\\\/es\\\/politica-de-privacidad\\\/\",\"name\":\"CIT UPC - Pol\u00edtica de Privacidad\",\"isPartOf\":{\"@id\":\"https:\\\/\\\/cit.upc.edu\\\/es\\\/#website\"},\"datePublished\":\"2020-10-13T06:54:32+00:00\",\"dateModified\":\"2021-02-15T08:08:55+00:00\",\"breadcrumb\":{\"@id\":\"https:\\\/\\\/cit.upc.edu\\\/es\\\/politica-de-privacidad\\\/#breadcrumb\"},\"inLanguage\":\"es\",\"potentialAction\":[{\"@type\":\"ReadAction\",\"target\":[\"https:\\\/\\\/cit.upc.edu\\\/es\\\/politica-de-privacidad\\\/\"]}]},{\"@type\":\"BreadcrumbList\",\"@id\":\"https:\\\/\\\/cit.upc.edu\\\/es\\\/politica-de-privacidad\\\/#breadcrumb\",\"itemListElement\":[{\"@type\":\"ListItem\",\"position\":1,\"name\":\"Portada\",\"item\":\"https:\\\/\\\/cit.upc.edu\\\/es\\\/\"},{\"@type\":\"ListItem\",\"position\":2,\"name\":\"Pol\u00edtica de Privacidad\"}]},{\"@type\":\"WebSite\",\"@id\":\"https:\\\/\\\/cit.upc.edu\\\/es\\\/#website\",\"url\":\"https:\\\/\\\/cit.upc.edu\\\/es\\\/\",\"name\":\"CIT UPC\",\"description\":\"Centro de Innovaci\u00f3n y Tecnolog\u00eda\",\"publisher\":{\"@id\":\"https:\\\/\\\/cit.upc.edu\\\/es\\\/#organization\"},\"potentialAction\":[{\"@type\":\"SearchAction\",\"target\":{\"@type\":\"EntryPoint\",\"urlTemplate\":\"https:\\\/\\\/cit.upc.edu\\\/es\\\/?s={search_term_string}\"},\"query-input\":{\"@type\":\"PropertyValueSpecification\",\"valueRequired\":true,\"valueName\":\"search_term_string\"}}],\"inLanguage\":\"es\"},{\"@type\":\"Organization\",\"@id\":\"https:\\\/\\\/cit.upc.edu\\\/es\\\/#organization\",\"name\":\"CIT UPC - UPC Technology Center\",\"url\":\"https:\\\/\\\/cit.upc.edu\\\/es\\\/\",\"logo\":{\"@type\":\"ImageObject\",\"inLanguage\":\"es\",\"@id\":\"https:\\\/\\\/cit.upc.edu\\\/es\\\/#\\\/schema\\\/logo\\\/image\\\/\",\"url\":\"https:\\\/\\\/cit.upc.edu\\\/wp-content\\\/uploads\\\/2020\\\/04\\\/cropped-logo_positiu_horitzontal_2020_espanol.png\",\"contentUrl\":\"https:\\\/\\\/cit.upc.edu\\\/wp-content\\\/uploads\\\/2020\\\/04\\\/cropped-logo_positiu_horitzontal_2020_espanol.png\",\"width\":512,\"height\":512,\"caption\":\"CIT UPC - UPC Technology Center\"},\"image\":{\"@id\":\"https:\\\/\\\/cit.upc.edu\\\/es\\\/#\\\/schema\\\/logo\\\/image\\\/\"},\"sameAs\":[\"https:\\\/\\\/www.facebook.com\\\/cit.upc\",\"https:\\\/\\\/x.com\\\/CIT_UPC\",\"https:\\\/\\\/www.youtube.com\\\/user\\\/CITUPC\",\"https:\\\/\\\/www.flickr.com\\\/photos\\\/181927091@N08\",\"https:\\\/\\\/www.linkedin.com\\\/company\\\/cit-upc\\\/\",\"https:\\\/\\\/www.instagram.com\\\/cit_upc\\\/\"]}]}<\/script>\n<!-- \/ Yoast SEO plugin. -->","yoast_head_json":{"title":"CIT UPC - Pol\u00edtica de Privacidad","robots":{"index":"index","follow":"follow","max-snippet":"max-snippet:-1","max-image-preview":"max-image-preview:large","max-video-preview":"max-video-preview:-1"},"canonical":"https:\/\/cit.upc.edu\/es\/politica-de-privacidad\/","og_locale":"es_ES","og_type":"article","og_title":"CIT UPC - Pol\u00edtica de Privacidad","og_description":"La confidencialidad y la seguridad son valores primordiales de&nbsp;la&nbsp;Fundaci\u00f3 Centre d\u2019Innovaci\u00f3 i Tecnologia de la Universitat Polit\u00e8cnica de Catalunya (CIT UPC) y, en consecuencia, asumimos el [\u2026]","og_url":"https:\/\/cit.upc.edu\/es\/politica-de-privacidad\/","og_site_name":"CIT UPC","article_publisher":"https:\/\/www.facebook.com\/cit.upc","article_modified_time":"2021-02-15T08:08:55+00:00","twitter_card":"summary_large_image","twitter_site":"@CIT_UPC","twitter_misc":{"Tiempo de lectura":"10 minutos"},"schema":{"@context":"https:\/\/schema.org","@graph":[{"@type":"WebPage","@id":"https:\/\/cit.upc.edu\/es\/politica-de-privacidad\/","url":"https:\/\/cit.upc.edu\/es\/politica-de-privacidad\/","name":"CIT UPC - Pol\u00edtica de Privacidad","isPartOf":{"@id":"https:\/\/cit.upc.edu\/es\/#website"},"datePublished":"2020-10-13T06:54:32+00:00","dateModified":"2021-02-15T08:08:55+00:00","breadcrumb":{"@id":"https:\/\/cit.upc.edu\/es\/politica-de-privacidad\/#breadcrumb"},"inLanguage":"es","potentialAction":[{"@type":"ReadAction","target":["https:\/\/cit.upc.edu\/es\/politica-de-privacidad\/"]}]},{"@type":"BreadcrumbList","@id":"https:\/\/cit.upc.edu\/es\/politica-de-privacidad\/#breadcrumb","itemListElement":[{"@type":"ListItem","position":1,"name":"Portada","item":"https:\/\/cit.upc.edu\/es\/"},{"@type":"ListItem","position":2,"name":"Pol\u00edtica de Privacidad"}]},{"@type":"WebSite","@id":"https:\/\/cit.upc.edu\/es\/#website","url":"https:\/\/cit.upc.edu\/es\/","name":"CIT UPC","description":"Centro de Innovaci\u00f3n y Tecnolog\u00eda","publisher":{"@id":"https:\/\/cit.upc.edu\/es\/#organization"},"potentialAction":[{"@type":"SearchAction","target":{"@type":"EntryPoint","urlTemplate":"https:\/\/cit.upc.edu\/es\/?s={search_term_string}"},"query-input":{"@type":"PropertyValueSpecification","valueRequired":true,"valueName":"search_term_string"}}],"inLanguage":"es"},{"@type":"Organization","@id":"https:\/\/cit.upc.edu\/es\/#organization","name":"CIT UPC - UPC Technology Center","url":"https:\/\/cit.upc.edu\/es\/","logo":{"@type":"ImageObject","inLanguage":"es","@id":"https:\/\/cit.upc.edu\/es\/#\/schema\/logo\/image\/","url":"https:\/\/cit.upc.edu\/wp-content\/uploads\/2020\/04\/cropped-logo_positiu_horitzontal_2020_espanol.png","contentUrl":"https:\/\/cit.upc.edu\/wp-content\/uploads\/2020\/04\/cropped-logo_positiu_horitzontal_2020_espanol.png","width":512,"height":512,"caption":"CIT UPC - UPC Technology Center"},"image":{"@id":"https:\/\/cit.upc.edu\/es\/#\/schema\/logo\/image\/"},"sameAs":["https:\/\/www.facebook.com\/cit.upc","https:\/\/x.com\/CIT_UPC","https:\/\/www.youtube.com\/user\/CITUPC","https:\/\/www.flickr.com\/photos\/181927091@N08","https:\/\/www.linkedin.com\/company\/cit-upc\/","https:\/\/www.instagram.com\/cit_upc\/"]}]}},"_links":{"self":[{"href":"https:\/\/cit.upc.edu\/es\/wp-json\/wp\/v2\/pages\/7707","targetHints":{"allow":["GET"]}}],"collection":[{"href":"https:\/\/cit.upc.edu\/es\/wp-json\/wp\/v2\/pages"}],"about":[{"href":"https:\/\/cit.upc.edu\/es\/wp-json\/wp\/v2\/types\/page"}],"author":[{"embeddable":true,"href":"https:\/\/cit.upc.edu\/es\/wp-json\/wp\/v2\/users\/5"}],"replies":[{"embeddable":true,"href":"https:\/\/cit.upc.edu\/es\/wp-json\/wp\/v2\/comments?post=7707"}],"version-history":[{"count":6,"href":"https:\/\/cit.upc.edu\/es\/wp-json\/wp\/v2\/pages\/7707\/revisions"}],"predecessor-version":[{"id":11181,"href":"https:\/\/cit.upc.edu\/es\/wp-json\/wp\/v2\/pages\/7707\/revisions\/11181"}],"wp:attachment":[{"href":"https:\/\/cit.upc.edu\/es\/wp-json\/wp\/v2\/media?parent=7707"}],"curies":[{"name":"wp","href":"https:\/\/api.w.org\/{rel}","templated":true}]}}