{"id":7717,"date":"2020-10-13T07:21:27","date_gmt":"2020-10-13T07:21:27","guid":{"rendered":"https:\/\/cit.upc.edu\/?page_id=7717"},"modified":"2024-10-15T09:39:59","modified_gmt":"2024-10-15T09:39:59","slug":"aviso-legal","status":"publish","type":"page","link":"https:\/\/cit.upc.edu\/es\/aviso-legal\/","title":{"rendered":"Aviso legal"},"content":{"rendered":"\n<h3 class=\"wp-block-heading\">DATOS DE IDENTIFICACI\u00d3N<\/h3>\n\n\n\n<p>Usted est\u00e1 visitando el sitio web bajo el dominio CIT.UPC.EDU titularidad de CIT UPC.<\/p>\n\n\n\n<ul class=\"wp-block-list\">\n<li><strong>Raz\u00f3n Social:<\/strong> Fundaci\u00f3 Centre d\u2019Innovaci\u00f3 i Tecnologia de la Universitat Polit\u00e8cnica de Catalunya (CIT UPC)<\/li>\n\n\n\n<li><strong>Domicilio Social:<\/strong> Edifici Omega (planta 0), C\/Jordi Girona, 31, 08034 Barcelona (Spain)<\/li>\n\n\n\n<li><strong>NIF:<\/strong>&nbsp; G65497182<\/li>\n\n\n\n<li><strong>Tel\u00e9fono:<\/strong>&nbsp;+34 934 05 44 03<\/li>\n\n\n\n<li><strong>Correo electr\u00f3nico:<\/strong> info.cit@upc.edu<\/li>\n\n\n\n<li><strong>Inscripci\u00f3n:<\/strong>&nbsp;Registro de fundaciones de la Generalitat de Catalunya n\u00fam. 2673&nbsp;<\/li>\n<\/ul>\n\n\n\n<h3 class=\"wp-block-heading\">ACEPTACI\u00d3N DEL USUARIO<\/h3>\n\n\n\n<p>Este Aviso Legal regula el acceso y utilizaci\u00f3n del sitio web bajo el dominio CIT.UPC.EDU (en adelante el \u201cSitio Web\u201d) que CIT UPC pone a disposici\u00f3n de los usuarios de Internet. Se entiende por usuario la persona que acceda, navegue, utilice o participe en los servicios y actividades de este sitio web.<\/p>\n\n\n\n<p>Este sitio Web cumple con lo establecido en la Ley 34\/2002, de 11 de julio, de Servicios de la Sociedad de la Informaci\u00f3n y de Comercio Electr\u00f3nico y con la legislaci\u00f3n vigente en materia de protecci\u00f3n de datos personales<\/p>\n\n\n\n<p><strong>CIT UPC<\/strong>&nbsp;podr\u00e1 alterar en cualquier momento y sin aviso previo, el dise\u00f1o, presentaci\u00f3n y\/o configuraci\u00f3n del sitio web, as\u00ed como algunos o todos los servicios, y a\u00f1adir servicios nuevos.<\/p>\n\n\n\n<p>La utilizaci\u00f3n de este sitio web implica la plena aceptaci\u00f3n de las disposiciones incluidas en este Aviso Legal y Condiciones Generales de Uso en la versi\u00f3n publicada por&nbsp;<strong>CIT UPC<\/strong>&nbsp;en el momento en que el Usuario acceda al Sitio Web.&nbsp;<\/p>\n\n\n\n<p>La utilizaci\u00f3n de ciertos servicios ofrecidos a los Usuarios a trav\u00e9s del Sitio Web puede encontrarse sometida a condiciones particulares propias que, seg\u00fan los casos sustituyen, completan y\/o modifican las presentes Condiciones Generales de Uso. Por lo tanto, con anterioridad a la utilizaci\u00f3n de dichos servicios, el Usuario tambi\u00e9n ha de leer atentamente y aceptar asimismo las correspondientes condiciones particulares propias<\/p>\n\n\n\n<h3 class=\"wp-block-heading\">CONDICIONES GENERALES DE USO<\/h3>\n\n\n\n<p>El acceso a el sitio web por parte de los usuarios tiene car\u00e1cter libre y gratuito, y&nbsp;queda expresamente prohibido cualquier uso diferente a la finalidad de este Sitio Web.<\/p>\n\n\n\n<p>El usuario se compromete a hacer un uso diligente del mismo y de los servicios accesibles desde este sitio web, as\u00ed como mantener el debido respeto a los dem\u00e1s usuarios.<\/p>\n\n\n\n<p>Entre otros, este compromiso implica que:&nbsp;<\/p>\n\n\n\n<ul class=\"wp-block-list\">\n<li>El usuario se compromete a utilizar el sitio web, los contenidos y servicios con total sujeci\u00f3n a la Ley, a las buenas costumbres y las presentes condiciones de uso y, en su caso, condiciones particulares,<br>Del mismo modo el Usuario se obliga a no utilizar el sitio web o los servicios que se presten a trav\u00e9s de \u00e9l con fines o efectos il\u00edcitos o contrarios al contenido del presente Aviso Legal, lesivos de los intereses o derechos de terceros, o que de cualquier forma pueda da\u00f1ar, inutilizar o deteriorar el sitio web o sus servicios o impedir un normal disfrute del sitio web por otros Usuarios.<\/li>\n\n\n\n<li>El usuario se compromete expresamente a no destruir, alterar, inutilizar o, de cualquier otra forma, da\u00f1ar los datos, programas o documentos electr\u00f3nicos y dem\u00e1s que se encuentren en el sitio web.<\/li>\n\n\n\n<li>El usuario se compromete a no obstaculizar el acceso a otros usuarios al servicio de acceso mediante el consumo masivo de los recursos inform\u00e1ticos a trav\u00e9s de los cuales CIT UPC presta el servicio, as\u00ed como realizar acciones que da\u00f1en, interrumpan o generen errores en dichos sistemas o servicios.<\/li>\n\n\n\n<li>El usuario se compromete a no introducir programas, virus, macros, applets, controles ActiveX o cualquier otro dispositivo l\u00f3gico o secuencia de caracteres que causen o sean susceptibles de causar cualquier tipo de alteraci\u00f3n en los sistemas inform\u00e1ticos de CIT UPC o de terceros.<\/li>\n\n\n\n<li>El usuario se compromete a no obtener informaciones, mensajes, gr\u00e1ficos, dibujos, archivos de sonido y\/o imagen, fotograf\u00edas, grabaciones, software y en general, cualquier clase de material accesible a trav\u00e9s del sitio web o de los servicios ofrecidos en el mismo.<\/li>\n\n\n\n<li>El usuario se compromete a hacer un uso adecuado de los contenidos y servicios (como por ejemplo los comentarios, foros de opini\u00f3n o p\u00e1ginas abiertas al lector) que CIT UPC ofrece en su sitio web y a no emplearlos para incurrir en actividades il\u00edcitas o contrarias a la buena fe y al ordenamiento legal; difundir contenidos o propaganda de car\u00e1cter racista, xen\u00f3fobo, pornogr\u00e1fico-ilegal, de apolog\u00eda del terrorismo o atentatorio contra los derechos humanos.<\/li>\n\n\n\n<li>De conformidad con la pol\u00edtica anti-spamming de&nbsp;<strong>CIT UPC<\/strong>&nbsp;el usuario se obliga a abstenerse de utilizar y recabar datos a partir de listas de distribuci\u00f3n a las que se pueda acceder a trav\u00e9s de las informaciones y servicios contenidos en el sitio web para la realizaci\u00f3n de actividades con fines promocionales o publicitarios as\u00ed como de remitir comunicaciones comerciales de cualquier clase y a trav\u00e9s de cualquier soporte no solicitados ni previamente consentidos por&nbsp;<strong>CIT UPC<\/strong>&nbsp;y\/o los interesados.&nbsp;<\/li>\n<\/ul>\n\n\n\n<p>El Usuario que incumpla intencional o culpablemente cualquiera de las precedentes obligaciones y compromisos deber\u00e1 responder por todos los da\u00f1os y perjuicios que cause.<\/p>\n\n\n\n<h3 class=\"wp-block-heading\">LIMITACI\u00d3N DE GARANT\u00cdAS Y RESPONSABILIDADES<\/h3>\n\n\n\n<p>CIT UPC se compromete a realizar sus mejores esfuerzos para evitar cualquier error en los contenidos que pudieran aparecer en el sitio web. En cualquier caso, CIT UPC estar\u00e1 exenta de cualquier responsabilidad por los da\u00f1os y perjuicios de toda naturaleza que puedan deberse a la falta de exactitud, exhaustividad, actualidad, as\u00ed como a errores u omisiones de los que pudieran adolecer las informaciones y servicios contenidos de este Sitio Web u otros contenidos a los que se pueda acceder a trav\u00e9s del mismo ni asume ning\u00fan deber o compromiso de verificar ni de vigilar sus contenidos e informaciones.<\/p>\n\n\n\n<p>Asimismo,&nbsp;<strong>CIT UPC<\/strong>&nbsp;no garantiza la disponibilidad, continuidad ni la infalibilidad del funcionamiento del Sitio Web, y en consecuencia excluye, en la m\u00e1xima medida permitida por la legislaci\u00f3n vigente, cualquier responsabilidad por los da\u00f1os y perjuicios de toda naturaleza que puedan deberse a la falta de disponibilidad o de continuidad del funcionamiento del Sitio Web y de los servicios habilitados en el mismo, as\u00ed como a los errores en el acceso a las distintas p\u00e1ginas web o a aquellas desde las que, en su caso, se presten dichos servicios.&nbsp;<\/p>\n\n\n\n<p>CIT UPC tampoco garantiza que el sitio web y el servidor est\u00e9n libres de virus y no se hace responsable de los posibles da\u00f1os o perjuicios que se puedan derivar de interferencias, omisiones, interrupciones, virus inform\u00e1ticos, aver\u00edas telef\u00f3nicas o desconexiones en el funcionamiento operativo de este sistema electr\u00f3nico, motivado por causas ajenas a CIT UPC, de retrasos o bloqueos en el uso de este sistema electr\u00f3nico causados por deficiencias de l\u00edneas telef\u00f3nicas o sobrecargas en el sistema de Internet o en otros sistemas electr\u00f3nicos, as\u00ed como tambi\u00e9n de da\u00f1os que puedan ser causados por terceras personas mediante intromisiones ileg\u00edtimas fuera del control de CIT UPC.<\/p>\n\n\n\n<p><strong>CIT UPC<\/strong>&nbsp;excluye cualquier responsabilidad por los da\u00f1os y perjuicios de toda \u00edndole que pudieran deberse a los servicios que pudieran ser prestados por terceros a trav\u00e9s de este Sitio Web as\u00ed como a los medios que \u00e9stos habilitan para gestionar las solicitudes de servicio, y concretamente, a modo enunciativo y no limitativo: por los actos de competencia desleal y publicidad il\u00edcita como consecuencia de la prestaci\u00f3n de servicios por terceros a trav\u00e9s del Sitio Web, as\u00ed como a la falta de veracidad, exactitud, exhaustividad, vicios, defectos, pertinencia y\/o actualidad de los contenidos transmitidos, difundidos, almacenados, recibidos, obtenidos, puestos a disposici\u00f3n o accesibles mediante los servicios prestados por terceros a trav\u00e9s de este Sitio Web.<\/p>\n\n\n\n<h3 class=\"wp-block-heading\">PROPIEDAD INTELECTUAL E INDUSTRIAL.&nbsp;<\/h3>\n\n\n\n<p>Todos los derechos de Propiedad Industrial e Intelectual de este sitio web y de sus contenidos (textos, im\u00e1genes, sonidos, audio, v\u00eddeo, dise\u00f1os, creatividades, software) pertenecen, como autor de obra colectiva o como cesionaria, a CIT UPC o, en su caso, a terceras personas.<\/p>\n\n\n\n<p>Quedan expresamente prohibidas la reproducci\u00f3n, la distribuci\u00f3n y la comunicaci\u00f3n p\u00fablica, incluida su modalidad de puesta a disposici\u00f3n, de la totalidad o parte de los contenidos de esta p\u00e1gina Web, con cualquier fin, en cualquier soporte y por cualquier medio t\u00e9cnico, sin la autorizaci\u00f3n de CIT UPC.&nbsp;<\/p>\n\n\n\n<p>El usuario se compromete a respetar los derechos de Propiedad Industrial e Intelectual titularidad de CIT UPC y de terceros.<\/p>\n\n\n\n<p>El usuario puede visualizar todos los elementos, imprimirlos, copiarlos y almacenarlos en el disco duro de su ordenador o en cualquier otro soporte f\u00edsico siempre y cuando sea, \u00fanica y exclusivamente, para su uso personal y privado, quedando, por tanto, terminantemente prohibida su utilizaci\u00f3n con otros fines, su distribuci\u00f3n, as\u00ed como su modificaci\u00f3n, alteraci\u00f3n o descompilaci\u00f3n.<\/p>\n\n\n\n<p>CIT UPC puede proporcionar el acceso a todo tipo de informaciones, servicios, programas o datos en Internet que pueden pertenecer a terceras personas, en cuyo caso ser\u00e1n de aplicaci\u00f3n los derechos de propiedad intelectual estipulados por sus propietarios.<\/p>\n\n\n\n<h3 class=\"wp-block-heading\">ENLACES DE TERCEROS<\/h3>\n\n\n\n<p>En el supuesto de que en el sitio web se dispusieran enlaces o hiperv\u00ednculos hacia otros lugares de Internet, CIT UPC no ejercer\u00e1 ning\u00fan tipo de control sobre estos lugares y contenidos.&nbsp;<\/p>\n\n\n\n<p>En ning\u00fan caso CIT UPC asumir\u00e1 responsabilidad alguna por los contenidos de alg\u00fan enlace perteneciente a un lugar Web ajeno, ni garantizar\u00e1 la disponibilidad t\u00e9cnica, calidad, fiabilidad, exactitud, amplitud, veracidad ni validez de cualquier material o informaci\u00f3n contenida en ninguno de los hiperv\u00ednculos u otros lugares de Internet.<\/p>\n\n\n\n<p>Estos enlaces se proporcionan \u00fanicamente para informar al Usuario sobre la existencia de otras fuentes de informaci\u00f3n sobre un tema concreto, y la inclusi\u00f3n de un enlace no implica la aprobaci\u00f3n de la p\u00e1gina web enlazada por parte de CIT UPC.<\/p>\n\n\n\n<p>CIT UPC tan s\u00f3lo autoriza menciones a sus contenidos en otras sedes Web, con el tratamiento que \u00e9stas consideren siempre que sea respetuoso, cumpla la legislaci\u00f3n vigente y en ning\u00fan caso reproduzcan, sin la debida autorizaci\u00f3n, los contenidos de CIT UPC.<\/p>\n\n\n\n<h3 class=\"wp-block-heading\">PROTECCI\u00d3N DE DATOS PERSONALES<\/h3>\n\n\n\n<p>CIT UPC adopta las medidas t\u00e9cnicas y organizativas necesarias para garantizar la protecci\u00f3n de los datos de car\u00e1cter personal y evitar su alteraci\u00f3n, p\u00e9rdida, tratamiento y\/o acceso no autorizado, habida cuenta del estado de la tecnolog\u00eda, la naturaleza de los datos almacenados y los riesgos a que est\u00e1n expuestos. Todo ello, conforme a lo establecido por la legislaci\u00f3n vigente en materia de Protecci\u00f3n de Datos de Car\u00e1cter Personal.<\/p>\n\n\n\n<p>El usuario podr\u00e1 proporcionar a CIT UPC sus datos de car\u00e1cter personal a trav\u00e9s de los distintos formularios que a tal efecto aparecen en el sitio web. Dichos formularios incorporan un enlace a la&nbsp;<strong><u><a target=\"_blank\" target=\"_blank\" href=\"\/es\/politica-de-privacidad\/\">Pol\u00edtica de Privacidad<\/a><\/u><\/strong>.<\/p>\n\n\n\n<p>Del mismo modo, CIT UPC podr\u00e1 obtener datos de car\u00e1cter personal originados por su navegaci\u00f3n y\/o uso de este sitio web, de acuerdo con nuestra Pol\u00edtica de Privacidad.<\/p>\n\n\n\n<p>Rogamos lea atentamente nuestra&nbsp;<strong><u><a target=\"_blank\" target=\"_blank\" href=\"\/es\/politica-de-privacidad\/\">Pol\u00edtica de Privacidad<\/a><\/u><\/strong>&nbsp;antes de facilitar sus datos de car\u00e1cter personal.<\/p>\n\n\n\n<h3 class=\"wp-block-heading\">USO DE COOKIES<\/h3>\n\n\n\n<p>Este sitio web, al igual que la mayor\u00eda de los sitios web en Internet, usa cookies para mejorar la experiencia del usuario. En nuestra&nbsp;<strong><u><a target=\"_blank\" target=\"_blank\" href=\"\/es\/politica-de-cookies\" target=\"_blank\" rel=\"noreferrer noopener\">Pol\u00edtica de Cookies<\/a><\/u><\/strong>&nbsp;encontrar\u00e1 informaci\u00f3n sobre qu\u00e9 son las cookies, qu\u00e9 tipo de cookies utiliza este portal, c\u00f3mo puede desactivar las cookies en su navegador y c\u00f3mo desactivar espec\u00edficamente la instalaci\u00f3n de cookies de terceros.<\/p>\n\n\n\n<p>Rogamos lea atentamente nuestra\u00a0<strong><u><a target=\"_blank\" target=\"_blank\" href=\"\/es\/politica-de-cookies\" target=\"_blank\" rel=\"noreferrer noopener\">Pol\u00edtica de Cookies<\/a><\/u><\/strong>\u00a0antes de continuar navegando en nuestro sitio web.<\/p>\n\n\n\n<h3 class=\"wp-block-heading\">MODIFICACI\u00d3N DE LAS CONDICIONES DEL AVISO LEGAL<\/h3>\n\n\n\n<p>CIT UPC se reserva expresamente el derecho a modificar el presente Aviso Legal sin notificaci\u00f3n previa. En consecuencia, el Usuario debe leer atentamente el presente Aviso Legal en cada una de las ocasiones en que se proceda a utilizar el sitio web, ya que este Aviso Legal puede sufrir modificaciones.<\/p>\n\n\n\n<p>El usuario reconoce y acepta que es su responsabilidad revisar el sitio web y el presente Aviso Legal.<\/p>\n\n\n\n<h3 class=\"wp-block-heading\">LEY Y JURISDICCI\u00d3N<\/h3>\n\n\n\n<p>Todas las cuestiones que se susciten entre CIT UPC y el usuario relativas a la interpretaci\u00f3n, cumplimiento y validez del presente Aviso Legal se regir\u00e1n por sus propias cl\u00e1usulas y, en lo que en ellas no estuviere previsto, de acuerdo con la legislaci\u00f3n espa\u00f1ola, someti\u00e9ndose expresamente las partes a la jurisdicci\u00f3n de los Juzgados y Tribunales del domicilio de CIT UPC.<\/p>\n","protected":false},"excerpt":{"rendered":"<p>DATOS DE IDENTIFICACI\u00d3N Usted est\u00e1 visitando el sitio web bajo el dominio CIT.UPC.EDU titularidad de CIT UPC. ACEPTACI\u00d3N DEL USUARIO Este Aviso Legal regula el acceso<span class=\"excerpt-hellip\"> [\u2026]<\/span><\/p>\n","protected":false},"author":5,"featured_media":0,"parent":0,"menu_order":0,"comment_status":"closed","ping_status":"closed","template":"","meta":{"footnotes":""},"class_list":["post-7717","page","type-page","status-publish","hentry"],"yoast_head":"<!-- This site is optimized with the Yoast SEO plugin v27.4 - https:\/\/yoast.com\/product\/yoast-seo-wordpress\/ -->\n<title>CIT UPC - Aviso legal<\/title>\n<meta name=\"robots\" content=\"index, follow, max-snippet:-1, max-image-preview:large, max-video-preview:-1\" \/>\n<link rel=\"canonical\" href=\"https:\/\/cit.upc.edu\/es\/aviso-legal\/\" \/>\n<meta property=\"og:locale\" content=\"es_ES\" \/>\n<meta property=\"og:type\" content=\"article\" \/>\n<meta property=\"og:title\" content=\"CIT UPC - Aviso legal\" \/>\n<meta property=\"og:description\" content=\"DATOS DE IDENTIFICACI\u00d3N Usted est\u00e1 visitando el sitio web bajo el dominio CIT.UPC.EDU titularidad de CIT UPC. ACEPTACI\u00d3N DEL USUARIO Este Aviso Legal regula el acceso [\u2026]\" \/>\n<meta property=\"og:url\" content=\"https:\/\/cit.upc.edu\/es\/aviso-legal\/\" \/>\n<meta property=\"og:site_name\" content=\"CIT UPC\" \/>\n<meta property=\"article:publisher\" content=\"https:\/\/www.facebook.com\/cit.upc\" \/>\n<meta property=\"article:modified_time\" content=\"2024-10-15T09:39:59+00:00\" \/>\n<meta name=\"twitter:card\" content=\"summary_large_image\" \/>\n<meta name=\"twitter:site\" content=\"@CIT_UPC\" \/>\n<meta name=\"twitter:label1\" content=\"Tiempo de lectura\" \/>\n\t<meta name=\"twitter:data1\" content=\"9 minutos\" \/>\n<script type=\"application\/ld+json\" class=\"yoast-schema-graph\">{\"@context\":\"https:\\\/\\\/schema.org\",\"@graph\":[{\"@type\":\"WebPage\",\"@id\":\"https:\\\/\\\/cit.upc.edu\\\/es\\\/aviso-legal\\\/\",\"url\":\"https:\\\/\\\/cit.upc.edu\\\/es\\\/aviso-legal\\\/\",\"name\":\"CIT UPC - Aviso legal\",\"isPartOf\":{\"@id\":\"https:\\\/\\\/cit.upc.edu\\\/es\\\/#website\"},\"datePublished\":\"2020-10-13T07:21:27+00:00\",\"dateModified\":\"2024-10-15T09:39:59+00:00\",\"breadcrumb\":{\"@id\":\"https:\\\/\\\/cit.upc.edu\\\/es\\\/aviso-legal\\\/#breadcrumb\"},\"inLanguage\":\"es\",\"potentialAction\":[{\"@type\":\"ReadAction\",\"target\":[\"https:\\\/\\\/cit.upc.edu\\\/es\\\/aviso-legal\\\/\"]}]},{\"@type\":\"BreadcrumbList\",\"@id\":\"https:\\\/\\\/cit.upc.edu\\\/es\\\/aviso-legal\\\/#breadcrumb\",\"itemListElement\":[{\"@type\":\"ListItem\",\"position\":1,\"name\":\"Portada\",\"item\":\"https:\\\/\\\/cit.upc.edu\\\/es\\\/\"},{\"@type\":\"ListItem\",\"position\":2,\"name\":\"Aviso legal\"}]},{\"@type\":\"WebSite\",\"@id\":\"https:\\\/\\\/cit.upc.edu\\\/es\\\/#website\",\"url\":\"https:\\\/\\\/cit.upc.edu\\\/es\\\/\",\"name\":\"CIT UPC\",\"description\":\"Centro de Innovaci\u00f3n y Tecnolog\u00eda\",\"publisher\":{\"@id\":\"https:\\\/\\\/cit.upc.edu\\\/es\\\/#organization\"},\"potentialAction\":[{\"@type\":\"SearchAction\",\"target\":{\"@type\":\"EntryPoint\",\"urlTemplate\":\"https:\\\/\\\/cit.upc.edu\\\/es\\\/?s={search_term_string}\"},\"query-input\":{\"@type\":\"PropertyValueSpecification\",\"valueRequired\":true,\"valueName\":\"search_term_string\"}}],\"inLanguage\":\"es\"},{\"@type\":\"Organization\",\"@id\":\"https:\\\/\\\/cit.upc.edu\\\/es\\\/#organization\",\"name\":\"CIT UPC - UPC Technology Center\",\"url\":\"https:\\\/\\\/cit.upc.edu\\\/es\\\/\",\"logo\":{\"@type\":\"ImageObject\",\"inLanguage\":\"es\",\"@id\":\"https:\\\/\\\/cit.upc.edu\\\/es\\\/#\\\/schema\\\/logo\\\/image\\\/\",\"url\":\"https:\\\/\\\/cit.upc.edu\\\/wp-content\\\/uploads\\\/2020\\\/04\\\/cropped-logo_positiu_horitzontal_2020_espanol.png\",\"contentUrl\":\"https:\\\/\\\/cit.upc.edu\\\/wp-content\\\/uploads\\\/2020\\\/04\\\/cropped-logo_positiu_horitzontal_2020_espanol.png\",\"width\":512,\"height\":512,\"caption\":\"CIT UPC - UPC Technology Center\"},\"image\":{\"@id\":\"https:\\\/\\\/cit.upc.edu\\\/es\\\/#\\\/schema\\\/logo\\\/image\\\/\"},\"sameAs\":[\"https:\\\/\\\/www.facebook.com\\\/cit.upc\",\"https:\\\/\\\/x.com\\\/CIT_UPC\",\"https:\\\/\\\/www.youtube.com\\\/user\\\/CITUPC\",\"https:\\\/\\\/www.flickr.com\\\/photos\\\/181927091@N08\",\"https:\\\/\\\/www.linkedin.com\\\/company\\\/cit-upc\\\/\",\"https:\\\/\\\/www.instagram.com\\\/cit_upc\\\/\"]}]}<\/script>\n<!-- \/ Yoast SEO plugin. -->","yoast_head_json":{"title":"CIT UPC - Aviso legal","robots":{"index":"index","follow":"follow","max-snippet":"max-snippet:-1","max-image-preview":"max-image-preview:large","max-video-preview":"max-video-preview:-1"},"canonical":"https:\/\/cit.upc.edu\/es\/aviso-legal\/","og_locale":"es_ES","og_type":"article","og_title":"CIT UPC - Aviso legal","og_description":"DATOS DE IDENTIFICACI\u00d3N Usted est\u00e1 visitando el sitio web bajo el dominio CIT.UPC.EDU titularidad de CIT UPC. ACEPTACI\u00d3N DEL USUARIO Este Aviso Legal regula el acceso [\u2026]","og_url":"https:\/\/cit.upc.edu\/es\/aviso-legal\/","og_site_name":"CIT UPC","article_publisher":"https:\/\/www.facebook.com\/cit.upc","article_modified_time":"2024-10-15T09:39:59+00:00","twitter_card":"summary_large_image","twitter_site":"@CIT_UPC","twitter_misc":{"Tiempo de lectura":"9 minutos"},"schema":{"@context":"https:\/\/schema.org","@graph":[{"@type":"WebPage","@id":"https:\/\/cit.upc.edu\/es\/aviso-legal\/","url":"https:\/\/cit.upc.edu\/es\/aviso-legal\/","name":"CIT UPC - Aviso legal","isPartOf":{"@id":"https:\/\/cit.upc.edu\/es\/#website"},"datePublished":"2020-10-13T07:21:27+00:00","dateModified":"2024-10-15T09:39:59+00:00","breadcrumb":{"@id":"https:\/\/cit.upc.edu\/es\/aviso-legal\/#breadcrumb"},"inLanguage":"es","potentialAction":[{"@type":"ReadAction","target":["https:\/\/cit.upc.edu\/es\/aviso-legal\/"]}]},{"@type":"BreadcrumbList","@id":"https:\/\/cit.upc.edu\/es\/aviso-legal\/#breadcrumb","itemListElement":[{"@type":"ListItem","position":1,"name":"Portada","item":"https:\/\/cit.upc.edu\/es\/"},{"@type":"ListItem","position":2,"name":"Aviso legal"}]},{"@type":"WebSite","@id":"https:\/\/cit.upc.edu\/es\/#website","url":"https:\/\/cit.upc.edu\/es\/","name":"CIT UPC","description":"Centro de Innovaci\u00f3n y Tecnolog\u00eda","publisher":{"@id":"https:\/\/cit.upc.edu\/es\/#organization"},"potentialAction":[{"@type":"SearchAction","target":{"@type":"EntryPoint","urlTemplate":"https:\/\/cit.upc.edu\/es\/?s={search_term_string}"},"query-input":{"@type":"PropertyValueSpecification","valueRequired":true,"valueName":"search_term_string"}}],"inLanguage":"es"},{"@type":"Organization","@id":"https:\/\/cit.upc.edu\/es\/#organization","name":"CIT UPC - UPC Technology Center","url":"https:\/\/cit.upc.edu\/es\/","logo":{"@type":"ImageObject","inLanguage":"es","@id":"https:\/\/cit.upc.edu\/es\/#\/schema\/logo\/image\/","url":"https:\/\/cit.upc.edu\/wp-content\/uploads\/2020\/04\/cropped-logo_positiu_horitzontal_2020_espanol.png","contentUrl":"https:\/\/cit.upc.edu\/wp-content\/uploads\/2020\/04\/cropped-logo_positiu_horitzontal_2020_espanol.png","width":512,"height":512,"caption":"CIT UPC - UPC Technology Center"},"image":{"@id":"https:\/\/cit.upc.edu\/es\/#\/schema\/logo\/image\/"},"sameAs":["https:\/\/www.facebook.com\/cit.upc","https:\/\/x.com\/CIT_UPC","https:\/\/www.youtube.com\/user\/CITUPC","https:\/\/www.flickr.com\/photos\/181927091@N08","https:\/\/www.linkedin.com\/company\/cit-upc\/","https:\/\/www.instagram.com\/cit_upc\/"]}]}},"_links":{"self":[{"href":"https:\/\/cit.upc.edu\/es\/wp-json\/wp\/v2\/pages\/7717","targetHints":{"allow":["GET"]}}],"collection":[{"href":"https:\/\/cit.upc.edu\/es\/wp-json\/wp\/v2\/pages"}],"about":[{"href":"https:\/\/cit.upc.edu\/es\/wp-json\/wp\/v2\/types\/page"}],"author":[{"embeddable":true,"href":"https:\/\/cit.upc.edu\/es\/wp-json\/wp\/v2\/users\/5"}],"replies":[{"embeddable":true,"href":"https:\/\/cit.upc.edu\/es\/wp-json\/wp\/v2\/comments?post=7717"}],"version-history":[{"count":6,"href":"https:\/\/cit.upc.edu\/es\/wp-json\/wp\/v2\/pages\/7717\/revisions"}],"predecessor-version":[{"id":26367,"href":"https:\/\/cit.upc.edu\/es\/wp-json\/wp\/v2\/pages\/7717\/revisions\/26367"}],"wp:attachment":[{"href":"https:\/\/cit.upc.edu\/es\/wp-json\/wp\/v2\/media?parent=7717"}],"curies":[{"name":"wp","href":"https:\/\/api.w.org\/{rel}","templated":true}]}}